{"id":9,"date":"2021-01-05T20:34:20","date_gmt":"2021-01-05T20:34:20","guid":{"rendered":"https:\/\/lepsa.com\/temporal\/?page_id=9"},"modified":"2025-11-21T15:56:05","modified_gmt":"2025-11-21T20:56:05","slug":"inic","status":"publish","type":"page","link":"https:\/\/lepsa.com\/en\/","title":{"rendered":"Home"},"content":{"rendered":"<div data-elementor-type=\"wp-page\" data-elementor-id=\"9\" class=\"elementor elementor-9\" data-elementor-post-type=\"page\">\n\t\t\t\t\t\t<section class=\"elementor-section elementor-top-section elementor-element elementor-element-c7ba9da elementor-section-full_width elementor-section-height-default elementor-section-height-default\" data-id=\"c7ba9da\" data-element_type=\"section\">\n\t\t\t\t\t\t<div class=\"elementor-container elementor-column-gap-no\">\n\t\t\t\t\t<div class=\"elementor-column elementor-col-100 elementor-top-column elementor-element elementor-element-8b2e4e7\" data-id=\"8b2e4e7\" data-element_type=\"column\">\n\t\t\t<div class=\"elementor-widget-wrap elementor-element-populated\">\n\t\t\t\t\t\t<div class=\"elementor-element elementor-element-4fd6510 elementor--h-position-center elementor--v-position-middle elementor-pagination-position-inside elementor-widget elementor-widget-slides\" data-id=\"4fd6510\" data-element_type=\"widget\" data-settings=\"{&quot;navigation&quot;:&quot;dots&quot;,&quot;autoplay_speed&quot;:4000,&quot;autoplay&quot;:&quot;yes&quot;,&quot;infinite&quot;:&quot;yes&quot;,&quot;transition&quot;:&quot;slide&quot;,&quot;transition_speed&quot;:500}\" data-widget_type=\"slides.default\">\n\t\t\t\t\t\t\t\t\t\t<div class=\"elementor-slides-wrapper elementor-main-swiper swiper\" role=\"region\" aria-roledescription=\"carousel\" aria-label=\"Diapositivas\" dir=\"ltr\" data-animation=\"fadeInUp\">\n\t\t\t\t<div class=\"swiper-wrapper elementor-slides\">\n\t\t\t\t\t\t\t\t\t\t<div class=\"elementor-repeater-item-e45f450 swiper-slide\" role=\"group\" aria-roledescription=\"slide\"><div class=\"swiper-slide-bg\"><\/div><div class=\"swiper-slide-inner\" ><div class=\"swiper-slide-contents\"><\/div><\/div><\/div><div class=\"elementor-repeater-item-35b7010 swiper-slide\" role=\"group\" aria-roledescription=\"slide\"><div class=\"swiper-slide-bg\"><\/div><div class=\"swiper-slide-inner\" ><div class=\"swiper-slide-contents\"><\/div><\/div><\/div><div class=\"elementor-repeater-item-ffe08fa swiper-slide\" role=\"group\" aria-roledescription=\"slide\"><div class=\"swiper-slide-bg\"><\/div><div class=\"swiper-slide-inner\" ><div class=\"swiper-slide-contents\"><\/div><\/div><\/div><div class=\"elementor-repeater-item-c5060a3 swiper-slide\" role=\"group\" aria-roledescription=\"slide\"><div class=\"swiper-slide-bg\"><\/div><div class=\"swiper-slide-inner\" ><div class=\"swiper-slide-contents\"><\/div><\/div><\/div><div class=\"elementor-repeater-item-c6b9035 swiper-slide\" role=\"group\" aria-roledescription=\"slide\"><div class=\"swiper-slide-bg\"><\/div><div class=\"swiper-slide-inner\" ><div class=\"swiper-slide-contents\"><\/div><\/div><\/div><div class=\"elementor-repeater-item-6dd7bd2 swiper-slide\" role=\"group\" aria-roledescription=\"slide\"><div class=\"swiper-slide-bg\"><\/div><div class=\"swiper-slide-inner\" ><div class=\"swiper-slide-contents\"><\/div><\/div><\/div>\t\t\t\t<\/div>\n\t\t\t\t\t\t\t\t\t\t\t\t\t\t\t\t\t\t\t\t<div class=\"swiper-pagination\"><\/div>\n\t\t\t\t\t\t\t\t\t\t\t\t<\/div>\n\t\t\t\t\t\t\t\t<\/div>\n\t\t\t\t\t<\/div>\n\t\t<\/div>\n\t\t\t\t\t<\/div>\n\t\t<\/section>\n\t\t\t\t<section class=\"elementor-section elementor-top-section elementor-element elementor-element-d246c02 elementor-section-boxed elementor-section-height-default elementor-section-height-default\" data-id=\"d246c02\" data-element_type=\"section\">\n\t\t\t\t\t\t<div class=\"elementor-container elementor-column-gap-default\">\n\t\t\t\t\t<div class=\"elementor-column elementor-col-100 elementor-top-column elementor-element elementor-element-893d397\" data-id=\"893d397\" data-element_type=\"column\">\n\t\t\t<div class=\"elementor-widget-wrap elementor-element-populated\">\n\t\t\t\t\t\t<div class=\"elementor-element elementor-element-5346840 elementor-widget elementor-widget-heading\" data-id=\"5346840\" data-element_type=\"widget\" data-widget_type=\"heading.default\">\n\t\t\t\t\t<h1 class=\"elementor-heading-title elementor-size-large\">Leading the FRP Industry (Fiberglass Reinforced Polyester)<\/h1>\t\t\t\t<\/div>\n\t\t\t\t\t<\/div>\n\t\t<\/div>\n\t\t\t\t\t<\/div>\n\t\t<\/section>\n\t\t\t\t<section class=\"elementor-section elementor-top-section elementor-element elementor-element-7ce72d6 elementor-section-boxed elementor-section-height-default elementor-section-height-default\" data-id=\"7ce72d6\" data-element_type=\"section\">\n\t\t\t\t\t\t<div class=\"elementor-container elementor-column-gap-default\">\n\t\t\t\t\t<div class=\"elementor-column elementor-col-100 elementor-top-column elementor-element elementor-element-5744b0d\" data-id=\"5744b0d\" data-element_type=\"column\">\n\t\t\t<div class=\"elementor-widget-wrap elementor-element-populated\">\n\t\t\t\t\t\t<div class=\"elementor-element elementor-element-a5fcb31 elementor-widget elementor-widget-image\" data-id=\"a5fcb31\" data-element_type=\"widget\" data-widget_type=\"image.default\">\n\t\t\t\t\t\t\t\t\t\t\t\t\t\t\t<img decoding=\"async\" width=\"800\" height=\"20\" data-src=\"https:\/\/lepsa.com\/wp-content\/uploads\/2021\/01\/shadow2-1024x25.jpg\" class=\"attachment-large size-large wp-image-46 lazyload\" alt=\"\" data-srcset=\"https:\/\/lepsa.com\/wp-content\/uploads\/2021\/01\/shadow2-1024x25.jpg 1024w, https:\/\/lepsa.com\/wp-content\/uploads\/2021\/01\/shadow2-300x7.jpg 300w, https:\/\/lepsa.com\/wp-content\/uploads\/2021\/01\/shadow2-768x18.jpg 768w, https:\/\/lepsa.com\/wp-content\/uploads\/2021\/01\/shadow2-830x20.jpg 830w, https:\/\/lepsa.com\/wp-content\/uploads\/2021\/01\/shadow2-230x6.jpg 230w, https:\/\/lepsa.com\/wp-content\/uploads\/2021\/01\/shadow2-350x8.jpg 350w, https:\/\/lepsa.com\/wp-content\/uploads\/2021\/01\/shadow2-480x12.jpg 480w, https:\/\/lepsa.com\/wp-content\/uploads\/2021\/01\/shadow2.jpg 1375w\" data-sizes=\"(max-width: 800px) 100vw, 800px\" src=\"data:image\/svg+xml;base64,PHN2ZyB3aWR0aD0iMSIgaGVpZ2h0PSIxIiB4bWxucz0iaHR0cDovL3d3dy53My5vcmcvMjAwMC9zdmciPjwvc3ZnPg==\" style=\"--smush-placeholder-width: 800px; --smush-placeholder-aspect-ratio: 800\/20;\" \/>\t\t\t\t\t\t\t\t\t\t\t\t\t\t\t<\/div>\n\t\t\t\t\t<\/div>\n\t\t<\/div>\n\t\t\t\t\t<\/div>\n\t\t<\/section>\n\t\t\t\t<section class=\"elementor-section elementor-top-section elementor-element elementor-element-156e382 elementor-section-boxed elementor-section-height-default elementor-section-height-default\" data-id=\"156e382\" data-element_type=\"section\">\n\t\t\t\t\t\t<div class=\"elementor-container elementor-column-gap-default\">\n\t\t\t\t\t<div class=\"elementor-column elementor-col-100 elementor-top-column elementor-element elementor-element-1cc2749\" data-id=\"1cc2749\" data-element_type=\"column\">\n\t\t\t<div class=\"elementor-widget-wrap elementor-element-populated\">\n\t\t\t\t\t\t<div class=\"elementor-element elementor-element-739da0f elementor-widget elementor-widget-heading\" data-id=\"739da0f\" data-element_type=\"widget\" data-widget_type=\"heading.default\">\n\t\t\t\t\t<h2 class=\"elementor-heading-title elementor-size-large\">Our subsidiaries<\/h2>\t\t\t\t<\/div>\n\t\t\t\t\t<\/div>\n\t\t<\/div>\n\t\t\t\t\t<\/div>\n\t\t<\/section>\n\t\t\t\t<section class=\"elementor-section elementor-top-section elementor-element elementor-element-ceeb8d4 elementor-section-boxed elementor-section-height-default elementor-section-height-default\" data-id=\"ceeb8d4\" data-element_type=\"section\">\n\t\t\t\t\t\t<div class=\"elementor-container elementor-column-gap-default\">\n\t\t\t\t\t<div class=\"elementor-column elementor-col-100 elementor-top-column elementor-element elementor-element-039f4b7\" data-id=\"039f4b7\" data-element_type=\"column\">\n\t\t\t<div class=\"elementor-widget-wrap elementor-element-populated\">\n\t\t\t\t\t\t<section class=\"elementor-section elementor-inner-section elementor-element elementor-element-d46dfe3 elementor-section-boxed elementor-section-height-default elementor-section-height-default\" data-id=\"d46dfe3\" data-element_type=\"section\">\n\t\t\t\t\t\t<div class=\"elementor-container elementor-column-gap-default\">\n\t\t\t\t\t<div class=\"elementor-column elementor-col-33 elementor-inner-column elementor-element elementor-element-7db7275\" data-id=\"7db7275\" data-element_type=\"column\">\n\t\t\t<div class=\"elementor-widget-wrap elementor-element-populated\">\n\t\t\t\t\t\t<div class=\"elementor-element elementor-element-038cc49 elementor-widget elementor-widget-image\" data-id=\"038cc49\" data-element_type=\"widget\" data-widget_type=\"image.default\">\n\t\t\t\t\t\t\t\t\t\t\t\t\t\t\t\t<a href=\"http:\/\/www.aqualep.com\" target=\"_blank\">\n\t\t\t\t\t\t\t<img decoding=\"async\" width=\"300\" height=\"92\" data-src=\"https:\/\/lepsa.com\/wp-content\/uploads\/2021\/01\/logo3-300x92.png\" class=\"attachment-medium size-medium wp-image-104 lazyload\" alt=\"\" data-srcset=\"https:\/\/lepsa.com\/wp-content\/uploads\/2021\/01\/logo3-300x92.png 300w, https:\/\/lepsa.com\/wp-content\/uploads\/2021\/01\/logo3-768x236.png 768w, https:\/\/lepsa.com\/wp-content\/uploads\/2021\/01\/logo3-830x255.png 830w, https:\/\/lepsa.com\/wp-content\/uploads\/2021\/01\/logo3-230x71.png 230w, https:\/\/lepsa.com\/wp-content\/uploads\/2021\/01\/logo3-350x108.png 350w, https:\/\/lepsa.com\/wp-content\/uploads\/2021\/01\/logo3-480x148.png 480w, https:\/\/lepsa.com\/wp-content\/uploads\/2021\/01\/logo3.png 965w\" data-sizes=\"(max-width: 300px) 100vw, 300px\" src=\"data:image\/svg+xml;base64,PHN2ZyB3aWR0aD0iMSIgaGVpZ2h0PSIxIiB4bWxucz0iaHR0cDovL3d3dy53My5vcmcvMjAwMC9zdmciPjwvc3ZnPg==\" style=\"--smush-placeholder-width: 300px; --smush-placeholder-aspect-ratio: 300\/92;\" \/>\t\t\t\t\t\t\t\t<\/a>\n\t\t\t\t\t\t\t\t\t\t\t\t\t\t\t<\/div>\n\t\t\t\t<div class=\"elementor-element elementor-element-5e90c7a elementor-widget elementor-widget-text-editor\" data-id=\"5e90c7a\" data-element_type=\"widget\" data-widget_type=\"text-editor.default\">\n\t\t\t\t\t\t\t\t\t<p>Formerly, LEPSA\u2019s Water and Wastewater Treatment Division, AQUALEP is a company specialized in delivering projects for the Water and Wastewater market, attending both public and private clients.<\/p>\t\t\t\t\t\t\t\t<\/div>\n\t\t\t\t\t<\/div>\n\t\t<\/div>\n\t\t\t\t<div class=\"elementor-column elementor-col-33 elementor-inner-column elementor-element elementor-element-3402eb3\" data-id=\"3402eb3\" data-element_type=\"column\">\n\t\t\t<div class=\"elementor-widget-wrap elementor-element-populated\">\n\t\t\t\t\t\t<div class=\"elementor-element elementor-element-6b03e05 elementor-widget elementor-widget-image\" data-id=\"6b03e05\" data-element_type=\"widget\" data-widget_type=\"image.default\">\n\t\t\t\t\t\t\t\t\t\t\t\t\t\t\t\t<a href=\"https:\/\/drive.google.com\/file\/d\/1-2sKaU5309booJF1fMRJgbHJIXaBZ16J\/view?usp=sharing\" target=\"_blank\">\n\t\t\t\t\t\t\t<img decoding=\"async\" width=\"300\" height=\"98\" data-src=\"https:\/\/lepsa.com\/wp-content\/uploads\/2023\/12\/LCG_logo-300x98.jpg\" class=\"attachment-medium size-medium wp-image-5395 lazyload\" alt=\"\" data-srcset=\"https:\/\/lepsa.com\/wp-content\/uploads\/2023\/12\/LCG_logo-300x98.jpg 300w, https:\/\/lepsa.com\/wp-content\/uploads\/2023\/12\/LCG_logo-1024x335.jpg 1024w, https:\/\/lepsa.com\/wp-content\/uploads\/2023\/12\/LCG_logo-768x252.jpg 768w, https:\/\/lepsa.com\/wp-content\/uploads\/2023\/12\/LCG_logo-1536x503.jpg 1536w, https:\/\/lepsa.com\/wp-content\/uploads\/2023\/12\/LCG_logo-18x6.jpg 18w, https:\/\/lepsa.com\/wp-content\/uploads\/2023\/12\/LCG_logo-830x272.jpg 830w, https:\/\/lepsa.com\/wp-content\/uploads\/2023\/12\/LCG_logo-230x75.jpg 230w, https:\/\/lepsa.com\/wp-content\/uploads\/2023\/12\/LCG_logo-350x115.jpg 350w, https:\/\/lepsa.com\/wp-content\/uploads\/2023\/12\/LCG_logo-480x157.jpg 480w, https:\/\/lepsa.com\/wp-content\/uploads\/2023\/12\/LCG_logo.jpg 1868w\" data-sizes=\"(max-width: 300px) 100vw, 300px\" src=\"data:image\/svg+xml;base64,PHN2ZyB3aWR0aD0iMSIgaGVpZ2h0PSIxIiB4bWxucz0iaHR0cDovL3d3dy53My5vcmcvMjAwMC9zdmciPjwvc3ZnPg==\" style=\"--smush-placeholder-width: 300px; --smush-placeholder-aspect-ratio: 300\/98;\" \/>\t\t\t\t\t\t\t\t<\/a>\n\t\t\t\t\t\t\t\t\t\t\t\t\t\t\t<\/div>\n\t\t\t\t<div class=\"elementor-element elementor-element-efeffb5 elementor-widget elementor-widget-text-editor\" data-id=\"efeffb5\" data-element_type=\"widget\" data-widget_type=\"text-editor.default\">\n\t\t\t\t\t\t\t\t\t<p>LEPSA Contratistas Generales is a company dedicated to the development of engineering works, construction, urban projects, roads, electromechanical assembly and installation, sanitary networks and other works for the public and private sector nationwide.<\/p>\t\t\t\t\t\t\t\t<\/div>\n\t\t\t\t\t<\/div>\n\t\t<\/div>\n\t\t\t\t<div class=\"elementor-column elementor-col-33 elementor-inner-column elementor-element elementor-element-940dbf4\" data-id=\"940dbf4\" data-element_type=\"column\">\n\t\t\t<div class=\"elementor-widget-wrap elementor-element-populated\">\n\t\t\t\t\t\t<div class=\"elementor-element elementor-element-d2630ee elementor-widget elementor-widget-image\" data-id=\"d2630ee\" data-element_type=\"widget\" data-widget_type=\"image.default\">\n\t\t\t\t\t\t\t\t\t\t\t\t\t\t\t<img decoding=\"async\" width=\"300\" height=\"72\" data-src=\"https:\/\/lepsa.com\/wp-content\/uploads\/2023\/06\/LEPSA_logo_sucursales-300x72.png\" class=\"attachment-medium size-medium wp-image-5328 lazyload\" alt=\"\" data-srcset=\"https:\/\/lepsa.com\/wp-content\/uploads\/2023\/06\/LEPSA_logo_sucursales-300x72.png 300w, https:\/\/lepsa.com\/wp-content\/uploads\/2023\/06\/LEPSA_logo_sucursales-1024x244.png 1024w, https:\/\/lepsa.com\/wp-content\/uploads\/2023\/06\/LEPSA_logo_sucursales-768x183.png 768w, https:\/\/lepsa.com\/wp-content\/uploads\/2023\/06\/LEPSA_logo_sucursales-1536x367.png 1536w, https:\/\/lepsa.com\/wp-content\/uploads\/2023\/06\/LEPSA_logo_sucursales-2048x489.png 2048w, https:\/\/lepsa.com\/wp-content\/uploads\/2023\/06\/LEPSA_logo_sucursales-18x4.png 18w, https:\/\/lepsa.com\/wp-content\/uploads\/2023\/06\/LEPSA_logo_sucursales-830x198.png 830w, https:\/\/lepsa.com\/wp-content\/uploads\/2023\/06\/LEPSA_logo_sucursales-230x55.png 230w, https:\/\/lepsa.com\/wp-content\/uploads\/2023\/06\/LEPSA_logo_sucursales-350x84.png 350w, https:\/\/lepsa.com\/wp-content\/uploads\/2023\/06\/LEPSA_logo_sucursales-480x115.png 480w\" data-sizes=\"(max-width: 300px) 100vw, 300px\" src=\"data:image\/svg+xml;base64,PHN2ZyB3aWR0aD0iMSIgaGVpZ2h0PSIxIiB4bWxucz0iaHR0cDovL3d3dy53My5vcmcvMjAwMC9zdmciPjwvc3ZnPg==\" style=\"--smush-placeholder-width: 300px; --smush-placeholder-aspect-ratio: 300\/72;\" \/>\t\t\t\t\t\t\t\t\t\t\t\t\t\t\t<\/div>\n\t\t\t\t<div class=\"elementor-element elementor-element-21d124e elementor-widget elementor-widget-text-editor\" data-id=\"21d124e\" data-element_type=\"widget\" data-widget_type=\"text-editor.default\">\n\t\t\t\t\t\t\t\t\t<p>LEPSA has branches in Chile, Bolivia and Argentina with its own resources necessary for the development of FRP supply and service projects, under the assistance and supervision of the head office in Peru.<\/p>\t\t\t\t\t\t\t\t<\/div>\n\t\t\t\t\t<\/div>\n\t\t<\/div>\n\t\t\t\t\t<\/div>\n\t\t<\/section>\n\t\t\t\t\t<\/div>\n\t\t<\/div>\n\t\t\t\t\t<\/div>\n\t\t<\/section>\n\t\t\t\t<\/div>","protected":false},"excerpt":{"rendered":"<p>L\u00edderes en la fabricaci\u00f3n de equipos y productos en material PRFV (Poli\u00e9ster Reforzado con Fibra de Vidrio) Empresas del Grupo LEPSA Antes nuestra Divisi\u00f3n de Tratamiento de Agua y Efluentes [DTAE]. AQUALEP es una empresa dedicada al desarrollo de proyectos de tratamiento de aguas residuales y agua potable para el sector p\u00fablico y privado. LEPSA [&hellip;]<\/p>","protected":false},"author":1,"featured_media":0,"parent":0,"menu_order":0,"comment_status":"closed","ping_status":"closed","template":"","meta":{"footnotes":""},"class_list":["post-9","page","type-page","status-publish","hentry"],"yoast_head":"<!-- This site is optimized with the Yoast SEO plugin v26.4 - https:\/\/yoast.com\/wordpress\/plugins\/seo\/ -->\n<title>LEPSA | Soluciones integrales para la industria y miner\u00eda<\/title>\n<meta name=\"description\" content=\"Somos l\u00edderes en la fabricaci\u00f3n de equipos y productos en fibra de vidrio para la industria y miner\u00eda. Conoce m\u00e1s de nuestros productos aqu\u00ed.\" \/>\n<meta name=\"robots\" content=\"index, follow, max-snippet:-1, max-image-preview:large, max-video-preview:-1\" \/>\n<link rel=\"canonical\" href=\"https:\/\/lepsa.com\/en\/\" \/>\n<meta property=\"og:locale\" content=\"en_US\" \/>\n<meta property=\"og:type\" content=\"article\" \/>\n<meta property=\"og:title\" content=\"LEPSA | Soluciones integrales para la industria y miner\u00eda\" \/>\n<meta property=\"og:description\" content=\"Somos l\u00edderes en la fabricaci\u00f3n de equipos y productos en fibra de vidrio para la industria y miner\u00eda. Conoce m\u00e1s de nuestros productos aqu\u00ed.\" \/>\n<meta property=\"og:url\" content=\"https:\/\/lepsa.com\/en\/\" \/>\n<meta property=\"og:site_name\" content=\"LEPSA\" \/>\n<meta property=\"article:modified_time\" content=\"2025-11-21T20:56:05+00:00\" \/>\n<meta property=\"og:image\" content=\"https:\/\/lepsa.com\/wp-content\/uploads\/2021\/01\/shadow2.jpg\" \/>\n\t<meta property=\"og:image:width\" content=\"1375\" \/>\n\t<meta property=\"og:image:height\" content=\"33\" \/>\n\t<meta property=\"og:image:type\" content=\"image\/jpeg\" \/>\n<meta name=\"twitter:card\" content=\"summary_large_image\" \/>\n<meta name=\"twitter:label1\" content=\"Est. reading time\" \/>\n\t<meta name=\"twitter:data1\" content=\"5 minutes\" \/>\n<script type=\"application\/ld+json\" class=\"yoast-schema-graph\">{\"@context\":\"https:\/\/schema.org\",\"@graph\":[{\"@type\":\"WebPage\",\"@id\":\"https:\/\/lepsa.com\/\",\"url\":\"https:\/\/lepsa.com\/\",\"name\":\"LEPSA | Soluciones integrales para la industria y miner\u00eda\",\"isPartOf\":{\"@id\":\"https:\/\/lepsa.com\/#website\"},\"primaryImageOfPage\":{\"@id\":\"https:\/\/lepsa.com\/#primaryimage\"},\"image\":{\"@id\":\"https:\/\/lepsa.com\/#primaryimage\"},\"thumbnailUrl\":\"https:\/\/lepsa.com\/wp-content\/uploads\/2021\/01\/shadow2-1024x25.jpg\",\"datePublished\":\"2021-01-05T20:34:20+00:00\",\"dateModified\":\"2025-11-21T20:56:05+00:00\",\"description\":\"Somos l\u00edderes en la fabricaci\u00f3n de equipos y productos en fibra de vidrio para la industria y miner\u00eda. Conoce m\u00e1s de nuestros productos aqu\u00ed.\",\"breadcrumb\":{\"@id\":\"https:\/\/lepsa.com\/#breadcrumb\"},\"inLanguage\":\"en-US\",\"potentialAction\":[{\"@type\":\"ReadAction\",\"target\":[\"https:\/\/lepsa.com\/\"]}]},{\"@type\":\"ImageObject\",\"inLanguage\":\"en-US\",\"@id\":\"https:\/\/lepsa.com\/#primaryimage\",\"url\":\"https:\/\/lepsa.com\/wp-content\/uploads\/2021\/01\/shadow2-1024x25.jpg\",\"contentUrl\":\"https:\/\/lepsa.com\/wp-content\/uploads\/2021\/01\/shadow2-1024x25.jpg\"},{\"@type\":\"BreadcrumbList\",\"@id\":\"https:\/\/lepsa.com\/#breadcrumb\",\"itemListElement\":[{\"@type\":\"ListItem\",\"position\":1,\"name\":\"Portada\",\"item\":\"https:\/\/lepsa.com\/\"},{\"@type\":\"ListItem\",\"position\":2,\"name\":\"Inicio\"}]},{\"@type\":\"WebSite\",\"@id\":\"https:\/\/lepsa.com\/#website\",\"url\":\"https:\/\/lepsa.com\/\",\"name\":\"LEPSA\",\"description\":\"Soluciones integrales para la industria y miner\u00eda\",\"publisher\":{\"@id\":\"https:\/\/lepsa.com\/#organization\"},\"potentialAction\":[{\"@type\":\"SearchAction\",\"target\":{\"@type\":\"EntryPoint\",\"urlTemplate\":\"https:\/\/lepsa.com\/?s={search_term_string}\"},\"query-input\":{\"@type\":\"PropertyValueSpecification\",\"valueRequired\":true,\"valueName\":\"search_term_string\"}}],\"inLanguage\":\"en-US\"},{\"@type\":\"Organization\",\"@id\":\"https:\/\/lepsa.com\/#organization\",\"name\":\"LEPSA\",\"url\":\"https:\/\/lepsa.com\/\",\"logo\":{\"@type\":\"ImageObject\",\"inLanguage\":\"en-US\",\"@id\":\"https:\/\/lepsa.com\/#\/schema\/logo\/image\/\",\"url\":\"https:\/\/lepsa.com\/wp-content\/uploads\/2021\/01\/lepsa.jpg\",\"contentUrl\":\"https:\/\/lepsa.com\/wp-content\/uploads\/2021\/01\/lepsa.jpg\",\"width\":725,\"height\":297,\"caption\":\"LEPSA\"},\"image\":{\"@id\":\"https:\/\/lepsa.com\/#\/schema\/logo\/image\/\"},\"sameAs\":[\"https:\/\/www.linkedin.com\/company\/lepsa-s-a-c\"]}]}<\/script>\n<!-- \/ Yoast SEO plugin. -->","yoast_head_json":{"title":"LEPSA | Soluciones integrales para la industria y miner\u00eda","description":"Somos l\u00edderes en la fabricaci\u00f3n de equipos y productos en fibra de vidrio para la industria y miner\u00eda. Conoce m\u00e1s de nuestros productos aqu\u00ed.","robots":{"index":"index","follow":"follow","max-snippet":"max-snippet:-1","max-image-preview":"max-image-preview:large","max-video-preview":"max-video-preview:-1"},"canonical":"https:\/\/lepsa.com\/en\/","og_locale":"en_US","og_type":"article","og_title":"LEPSA | Soluciones integrales para la industria y miner\u00eda","og_description":"Somos l\u00edderes en la fabricaci\u00f3n de equipos y productos en fibra de vidrio para la industria y miner\u00eda. Conoce m\u00e1s de nuestros productos aqu\u00ed.","og_url":"https:\/\/lepsa.com\/en\/","og_site_name":"LEPSA","article_modified_time":"2025-11-21T20:56:05+00:00","og_image":[{"width":1375,"height":33,"url":"https:\/\/lepsa.com\/wp-content\/uploads\/2021\/01\/shadow2.jpg","type":"image\/jpeg"}],"twitter_card":"summary_large_image","twitter_misc":{"Est. reading time":"5 minutes"},"schema":{"@context":"https:\/\/schema.org","@graph":[{"@type":"WebPage","@id":"https:\/\/lepsa.com\/","url":"https:\/\/lepsa.com\/","name":"LEPSA | Soluciones integrales para la industria y miner\u00eda","isPartOf":{"@id":"https:\/\/lepsa.com\/#website"},"primaryImageOfPage":{"@id":"https:\/\/lepsa.com\/#primaryimage"},"image":{"@id":"https:\/\/lepsa.com\/#primaryimage"},"thumbnailUrl":"https:\/\/lepsa.com\/wp-content\/uploads\/2021\/01\/shadow2-1024x25.jpg","datePublished":"2021-01-05T20:34:20+00:00","dateModified":"2025-11-21T20:56:05+00:00","description":"Somos l\u00edderes en la fabricaci\u00f3n de equipos y productos en fibra de vidrio para la industria y miner\u00eda. Conoce m\u00e1s de nuestros productos aqu\u00ed.","breadcrumb":{"@id":"https:\/\/lepsa.com\/#breadcrumb"},"inLanguage":"en-US","potentialAction":[{"@type":"ReadAction","target":["https:\/\/lepsa.com\/"]}]},{"@type":"ImageObject","inLanguage":"en-US","@id":"https:\/\/lepsa.com\/#primaryimage","url":"https:\/\/lepsa.com\/wp-content\/uploads\/2021\/01\/shadow2-1024x25.jpg","contentUrl":"https:\/\/lepsa.com\/wp-content\/uploads\/2021\/01\/shadow2-1024x25.jpg"},{"@type":"BreadcrumbList","@id":"https:\/\/lepsa.com\/#breadcrumb","itemListElement":[{"@type":"ListItem","position":1,"name":"Portada","item":"https:\/\/lepsa.com\/"},{"@type":"ListItem","position":2,"name":"Inicio"}]},{"@type":"WebSite","@id":"https:\/\/lepsa.com\/#website","url":"https:\/\/lepsa.com\/","name":"LEPSA","description":"Soluciones integrales para la industria y miner\u00eda","publisher":{"@id":"https:\/\/lepsa.com\/#organization"},"potentialAction":[{"@type":"SearchAction","target":{"@type":"EntryPoint","urlTemplate":"https:\/\/lepsa.com\/?s={search_term_string}"},"query-input":{"@type":"PropertyValueSpecification","valueRequired":true,"valueName":"search_term_string"}}],"inLanguage":"en-US"},{"@type":"Organization","@id":"https:\/\/lepsa.com\/#organization","name":"LEPSA","url":"https:\/\/lepsa.com\/","logo":{"@type":"ImageObject","inLanguage":"en-US","@id":"https:\/\/lepsa.com\/#\/schema\/logo\/image\/","url":"https:\/\/lepsa.com\/wp-content\/uploads\/2021\/01\/lepsa.jpg","contentUrl":"https:\/\/lepsa.com\/wp-content\/uploads\/2021\/01\/lepsa.jpg","width":725,"height":297,"caption":"LEPSA"},"image":{"@id":"https:\/\/lepsa.com\/#\/schema\/logo\/image\/"},"sameAs":["https:\/\/www.linkedin.com\/company\/lepsa-s-a-c"]}]}},"_links":{"self":[{"href":"https:\/\/lepsa.com\/en\/wp-json\/wp\/v2\/pages\/9","targetHints":{"allow":["GET"]}}],"collection":[{"href":"https:\/\/lepsa.com\/en\/wp-json\/wp\/v2\/pages"}],"about":[{"href":"https:\/\/lepsa.com\/en\/wp-json\/wp\/v2\/types\/page"}],"author":[{"embeddable":true,"href":"https:\/\/lepsa.com\/en\/wp-json\/wp\/v2\/users\/1"}],"replies":[{"embeddable":true,"href":"https:\/\/lepsa.com\/en\/wp-json\/wp\/v2\/comments?post=9"}],"version-history":[{"count":234,"href":"https:\/\/lepsa.com\/en\/wp-json\/wp\/v2\/pages\/9\/revisions"}],"predecessor-version":[{"id":5621,"href":"https:\/\/lepsa.com\/en\/wp-json\/wp\/v2\/pages\/9\/revisions\/5621"}],"wp:attachment":[{"href":"https:\/\/lepsa.com\/en\/wp-json\/wp\/v2\/media?parent=9"}],"curies":[{"name":"wp","href":"https:\/\/api.w.org\/{rel}","templated":true}]}}