{"id":793,"date":"2021-01-18T19:30:43","date_gmt":"2021-01-18T19:30:43","guid":{"rendered":"https:\/\/lepsa.com\/temporal\/?page_id=793"},"modified":"2022-03-10T17:36:33","modified_gmt":"2022-03-10T22:36:33","slug":"revestimientos-anticorrosivos-en-fibra-de-vidrio","status":"publish","type":"page","link":"https:\/\/lepsa.com\/en\/revestimientos-anticorrosivos-en-fibra-de-vidrio\/","title":{"rendered":"FRP coatings and lining services"},"content":{"rendered":"<div data-elementor-type=\"wp-page\" data-elementor-id=\"793\" class=\"elementor elementor-793\" data-elementor-post-type=\"page\">\n\t\t\t\t\t\t<section class=\"elementor-section elementor-top-section elementor-element elementor-element-633344d elementor-section-boxed elementor-section-height-default elementor-section-height-default\" data-id=\"633344d\" data-element_type=\"section\">\n\t\t\t\t\t\t<div class=\"elementor-container elementor-column-gap-default\">\n\t\t\t\t\t<div class=\"elementor-column elementor-col-100 elementor-top-column elementor-element elementor-element-113dfa6\" data-id=\"113dfa6\" data-element_type=\"column\">\n\t\t\t<div class=\"elementor-widget-wrap elementor-element-populated\">\n\t\t\t\t\t\t<div class=\"elementor-element elementor-element-56155e7 elementor-widget elementor-widget-text-editor\" data-id=\"56155e7\" data-element_type=\"widget\" data-widget_type=\"text-editor.default\">\n\t\t\t\t\t\t\t\t\t<p>\n\t\t<!-- MasterSlider -->\n\t\t<div id=\"P_MS69f0b469967d0\" class=\"master-slider-parent msl ms-parent-id-3\" style=\"\">\n\n\t\t\t\n\t\t\t<!-- MasterSlider Main -->\n\t\t\t<div id=\"MS69f0b469967d0\" class=\"master-slider ms-skin-light-3\" >\n\t\t\t\t \t\t\t\t \n\t\t\t\t<div  class=\"ms-slide\" data-delay=\"6\" data-fill-mode=\"fill\"  >\n\t\t\t\t\t<img decoding=\"async\" src=\"https:\/\/lepsa.com\/wp-content\/plugins\/master-slider\/public\/assets\/css\/blank.gif\" alt=\"\" title=\"\" data-src=\"https:\/\/lepsa.com\/wp-content\/uploads\/2021\/01\/01-1.jpg\" \/>\n\n\n\t<div class=\"ms-thumb\" ><div class=\"ms-tab-context\"><div class=\"&quot;ms-tab-context&quot;\"><\/div><\/div>\n<\/div>\n\t\t\t\t<\/div>\n\t\t\t\t<div  class=\"ms-slide\" data-delay=\"6\" data-fill-mode=\"fill\"  >\n\t\t\t\t\t<img decoding=\"async\" src=\"https:\/\/lepsa.com\/wp-content\/plugins\/master-slider\/public\/assets\/css\/blank.gif\" alt=\"\" title=\"\" data-src=\"https:\/\/lepsa.com\/wp-content\/uploads\/2021\/01\/total_header_3.jpg\" \/>\n\n\n\t<div class=\"ms-thumb\" ><div class=\"ms-tab-context\"><div class=\"&quot;ms-tab-context&quot;\"><\/div><\/div>\n<\/div>\n\t\t\t\t<\/div>\n\t\t\t\t<div  class=\"ms-slide\" data-delay=\"6\" data-fill-mode=\"fill\"  >\n\t\t\t\t\t<img decoding=\"async\" src=\"https:\/\/lepsa.com\/wp-content\/plugins\/master-slider\/public\/assets\/css\/blank.gif\" alt=\"\" title=\"\" data-src=\"https:\/\/lepsa.com\/wp-content\/uploads\/2021\/01\/03-1.jpg\" \/>\n\n\n\t<div class=\"ms-thumb\" ><div class=\"ms-tab-context\"><div class=\"&quot;ms-tab-context&quot;\"><\/div><\/div>\n<\/div>\n\t\t\t\t<\/div>\n\t\t\t\t<div  class=\"ms-slide\" data-delay=\"6\" data-fill-mode=\"fill\"  >\n\t\t\t\t\t<img decoding=\"async\" src=\"https:\/\/lepsa.com\/wp-content\/plugins\/master-slider\/public\/assets\/css\/blank.gif\" alt=\"\" title=\"\" data-src=\"https:\/\/lepsa.com\/wp-content\/uploads\/2021\/01\/04-1-scaled.jpg\" \/>\n\n\n\t<div class=\"ms-thumb\" ><div class=\"ms-tab-context\"><div class=\"&quot;ms-tab-context&quot;\"><\/div><\/div>\n<\/div>\n\t\t\t\t<\/div>\n\t\t\t\t<div  class=\"ms-slide\" data-delay=\"6\" data-fill-mode=\"fill\"  >\n\t\t\t\t\t<img decoding=\"async\" src=\"https:\/\/lepsa.com\/wp-content\/plugins\/master-slider\/public\/assets\/css\/blank.gif\" alt=\"\" title=\"\" data-src=\"https:\/\/lepsa.com\/wp-content\/uploads\/2021\/01\/05-1.jpg\" \/>\n\n\n\t<div class=\"ms-thumb\" ><div class=\"ms-tab-context\"><div class=\"&quot;ms-tab-context&quot;\"><\/div><\/div>\n<\/div>\n\t\t\t\t<\/div>\n\t\t\t\t<div  class=\"ms-slide\" data-delay=\"6\" data-fill-mode=\"fill\"  >\n\t\t\t\t\t<img decoding=\"async\" src=\"https:\/\/lepsa.com\/wp-content\/plugins\/master-slider\/public\/assets\/css\/blank.gif\" alt=\"\" title=\"\" data-src=\"https:\/\/lepsa.com\/wp-content\/uploads\/2021\/01\/06-1.jpg\" \/>\n\n\n\t<div class=\"ms-thumb\" ><div class=\"ms-tab-context\"><div class=\"&quot;ms-tab-context&quot;\"><\/div><\/div>\n<\/div>\n\t\t\t\t<\/div>\n\n\t\t\t<\/div>\n\t\t\t<!-- END MasterSlider Main -->\n\n\t\t\t \n\t\t<\/div>\n\t\t<!-- END MasterSlider -->\n\n\t\t<script>\n\t\t(function ( $ ) {\n\t\t\t\"use strict\";\n\n\t\t\t$(function () {\n\t\t\t\tvar masterslider_67d0 = new MasterSlider();\n\n\t\t\t\t\/\/ slider controls\n\n\t\t\t\t\/\/ slider setup\n\t\t\t\tmasterslider_67d0.setup(\"MS69f0b469967d0\", {\n\t\t\t\t\t\twidth           : 800,\n\t\t\t\t\t\theight          : 300,\n\t\t\t\t\t\tminHeight       : 0,\n\t\t\t\t\t\tspace           : 0,\n\t\t\t\t\t\tstart           : 1,\n\t\t\t\t\t\tgrabCursor      : false,\n\t\t\t\t\t\tswipe           : false,\n\t\t\t\t\t\tmouse           : false,\n\t\t\t\t\t\tlayout          : \"fullwidth\",\n\t\t\t\t\t\twheel           : false,\n\t\t\t\t\t\tautoplay        : true,\n\t\t\t\t\t\tinstantStartLayers:false,\n\t\t\t\t\t\tloop            : true,\n\t\t\t\t\t\tshuffle         : true,\n\t\t\t\t\t\tpreload         : 0,\n\t\t\t\t\t\theightLimit     : true,\n\t\t\t\t\t\tautoHeight      : false,\n\t\t\t\t\t\tsmoothHeight    : true,\n\t\t\t\t\t\tendPause        : false,\n\t\t\t\t\t\toverPause       : false,\n\t\t\t\t\t\tfillMode        : \"fill\",\n\t\t\t\t\t\tcenterControls  : true,\n\t\t\t\t\t\tstartOnAppear   : false,\n\t\t\t\t\t\tlayersMode      : \"center\",\n\t\t\t\t\t\thideLayers      : false,\n\t\t\t\t\t\tfullscreenMargin: 0,\n\t\t\t\t\t\tspeed           : 20,\n\t\t\t\t\t\tdir             : \"h\",\n\t\t\t\t\t\tparallaxMode    : 'swipe',\n\t\t\t\t\t\tview            : \"basic\"\n\t\t\t\t});\n\n\t\t\t\t\n\t\t\t\twindow.masterslider_instances = window.masterslider_instances || [];\n\t\t\t\twindow.masterslider_instances.push( masterslider_67d0 );\n\t\t\t });\n\n\t\t})(jQuery);\n\t\t<\/script>\n\n<\/p>\t\t\t\t\t\t\t\t<\/div>\n\t\t\t\t\t<\/div>\n\t\t<\/div>\n\t\t\t\t\t<\/div>\n\t\t<\/section>\n\t\t\t\t<section class=\"elementor-section elementor-top-section elementor-element elementor-element-8e94a8b elementor-section-full_width elementor-section-stretched elementor-section-height-default elementor-section-height-default\" data-id=\"8e94a8b\" data-element_type=\"section\" data-settings=\"{&quot;stretch_section&quot;:&quot;section-stretched&quot;}\">\n\t\t\t\t\t\t<div class=\"elementor-container elementor-column-gap-default\">\n\t\t\t\t\t<div class=\"elementor-column elementor-col-100 elementor-top-column elementor-element elementor-element-78aa4ca\" data-id=\"78aa4ca\" data-element_type=\"column\">\n\t\t\t<div class=\"elementor-widget-wrap elementor-element-populated\">\n\t\t\t\t\t\t<div class=\"elementor-element elementor-element-40273e5 elementor-widget elementor-widget-heading\" data-id=\"40273e5\" data-element_type=\"widget\" data-widget_type=\"heading.default\">\n\t\t\t\t\t<p class=\"elementor-heading-title elementor-size-large\"><b>Products<\/b><\/p>\t\t\t\t<\/div>\n\t\t\t\t\t<\/div>\n\t\t<\/div>\n\t\t\t\t\t<\/div>\n\t\t<\/section>\n\t\t\t\t<section class=\"elementor-section elementor-top-section elementor-element elementor-element-39e6fa0 elementor-section-full_width elementor-section-stretched elementor-section-height-default elementor-section-height-default\" data-id=\"39e6fa0\" data-element_type=\"section\" data-settings=\"{&quot;stretch_section&quot;:&quot;section-stretched&quot;}\">\n\t\t\t\t\t\t<div class=\"elementor-container elementor-column-gap-default\">\n\t\t\t\t\t<div class=\"elementor-column elementor-col-50 elementor-top-column elementor-element elementor-element-5bb7316\" data-id=\"5bb7316\" data-element_type=\"column\">\n\t\t\t<div class=\"elementor-widget-wrap elementor-element-populated\">\n\t\t\t\t\t\t<div class=\"elementor-element elementor-element-13a085c elementor-widget elementor-widget-heading\" data-id=\"13a085c\" data-element_type=\"widget\" data-widget_type=\"heading.default\">\n\t\t\t\t\t<h1 class=\"elementor-heading-title elementor-size-large\">FRP anticorrosive coating<\/h1>\t\t\t\t<\/div>\n\t\t\t\t<div class=\"elementor-element elementor-element-a78b7ec elementor-widget elementor-widget-text-editor\" data-id=\"a78b7ec\" data-element_type=\"widget\" data-widget_type=\"text-editor.default\">\n\t\t\t\t\t\t\t\t\t<p>LEPSA has a department that specializes in providing the service of <strong>application of anticorrosive coating in FRP<\/strong> <a href=\"https:\/\/lepsa.com\/en\/tanques-de-fibra-de-vidrio-prfv\/\">(Fiberglass Reinforced Polyester) for tanks<\/a> metal, underground or above ground, as well as concrete pits.<\/p>\n<p>The FRP anticorrosive coating gives the <a href=\"https:\/\/lepsa.com\/en\/tanques-de-fibra-de-vidrio-prfv\/\">tank<\/a> or equipment corrosion protection that <strong>allows for the storage of highly corrosive chemical fluids<\/strong>as well as liquid fuels. Also, our staff has the experience and resources necessary for the execution of the FRP anticorrosive coating service in confined spaces.<\/p>\n<p>We have well experienced and trained personnel for confined space works, as well as works in altitude; which allows us to operate safely ,and delivery a service to meet our client\u2019s expectations of quality and functionality.<\/p>\t\t\t\t\t\t\t\t<\/div>\n\t\t\t\t\t<\/div>\n\t\t<\/div>\n\t\t\t\t<div class=\"elementor-column elementor-col-50 elementor-top-column elementor-element elementor-element-b993ed3\" data-id=\"b993ed3\" data-element_type=\"column\">\n\t\t\t<div class=\"elementor-widget-wrap elementor-element-populated\">\n\t\t\t\t\t\t<div class=\"elementor-element elementor-element-9b91071 gallery-spacing-custom elementor-widget elementor-widget-image-gallery\" data-id=\"9b91071\" data-element_type=\"widget\" data-widget_type=\"image-gallery.default\">\n\t\t\t\t\t\t\t<div class=\"elementor-image-gallery\">\n\t\t\t<div id='gallery-1' class='gallery galleryid-793 gallery-columns-2 gallery-size-sydney-medium-thumb'><figure class='gallery-item'>\n\t\t\t<div class='gallery-icon landscape'>\n\t\t\t\t<a data-elementor-open-lightbox=\"yes\" data-elementor-lightbox-slideshow=\"9b91071\" data-elementor-lightbox-title=\"revestimientos anticorrosivos de fibra de vidrio\" data-e-action-hash=\"#elementor-action%3Aaction%3Dlightbox%26settings%3DeyJpZCI6Nzk3LCJ1cmwiOiJodHRwczpcL1wvbGVwc2EuY29tXC93cC1jb250ZW50XC91cGxvYWRzXC8yMDIxXC8wMVwvcmV2ZXN0aW1pZW50b18yLmpwZyIsInNsaWRlc2hvdyI6IjliOTEwNzEifQ%3D%3D\" href='https:\/\/lepsa.com\/wp-content\/uploads\/2021\/01\/revestimiento_2.jpg'><img fetchpriority=\"high\" decoding=\"async\" width=\"550\" height=\"400\" src=\"https:\/\/lepsa.com\/wp-content\/uploads\/2021\/01\/revestimiento_2-550x400.jpg\" class=\"attachment-sydney-medium-thumb size-sydney-medium-thumb\" alt=\"revestimientos anticorrosivos de fibra de vidrio\" \/><\/a>\n\t\t\t<\/div><\/figure><figure class='gallery-item'>\n\t\t\t<div class='gallery-icon landscape'>\n\t\t\t\t<a data-elementor-open-lightbox=\"yes\" data-elementor-lightbox-slideshow=\"9b91071\" data-elementor-lightbox-title=\"revestimientos anticorrosivos de fibra de vidrio\" data-e-action-hash=\"#elementor-action%3Aaction%3Dlightbox%26settings%3DeyJpZCI6MTA5MiwidXJsIjoiaHR0cHM6XC9cL2xlcHNhLmNvbVwvd3AtY29udGVudFwvdXBsb2Fkc1wvMjAyMVwvMDFcL3JldmVzdGltaWVudG9fMi0xLmpwZyIsInNsaWRlc2hvdyI6IjliOTEwNzEifQ%3D%3D\" href='https:\/\/lepsa.com\/wp-content\/uploads\/2021\/01\/revestimiento_2-1.jpg'><img decoding=\"async\" width=\"512\" height=\"384\" data-src=\"https:\/\/lepsa.com\/wp-content\/uploads\/2021\/01\/revestimiento_2-1.jpg\" class=\"attachment-sydney-medium-thumb size-sydney-medium-thumb lazyload\" alt=\"revestimientos anticorrosivos de fibra de vidrio\" data-srcset=\"https:\/\/lepsa.com\/wp-content\/uploads\/2021\/01\/revestimiento_2-1.jpg 512w, https:\/\/lepsa.com\/wp-content\/uploads\/2021\/01\/revestimiento_2-1-300x225.jpg 300w, https:\/\/lepsa.com\/wp-content\/uploads\/2021\/01\/revestimiento_2-1-230x173.jpg 230w, https:\/\/lepsa.com\/wp-content\/uploads\/2021\/01\/revestimiento_2-1-350x263.jpg 350w, https:\/\/lepsa.com\/wp-content\/uploads\/2021\/01\/revestimiento_2-1-480x360.jpg 480w\" data-sizes=\"(max-width: 512px) 100vw, 512px\" src=\"data:image\/svg+xml;base64,PHN2ZyB3aWR0aD0iMSIgaGVpZ2h0PSIxIiB4bWxucz0iaHR0cDovL3d3dy53My5vcmcvMjAwMC9zdmciPjwvc3ZnPg==\" style=\"--smush-placeholder-width: 512px; --smush-placeholder-aspect-ratio: 512\/384;\" \/><\/a>\n\t\t\t<\/div><\/figure><figure class='gallery-item'>\n\t\t\t<div class='gallery-icon landscape'>\n\t\t\t\t<a data-elementor-open-lightbox=\"yes\" data-elementor-lightbox-slideshow=\"9b91071\" data-elementor-lightbox-title=\"revestimientos anticorrosivos de fibra de vidrio\" data-e-action-hash=\"#elementor-action%3Aaction%3Dlightbox%26settings%3DeyJpZCI6MTA5MywidXJsIjoiaHR0cHM6XC9cL2xlcHNhLmNvbVwvd3AtY29udGVudFwvdXBsb2Fkc1wvMjAyMVwvMDFcL3JldmVzdGltaWVudG9fMy0xLmpwZyIsInNsaWRlc2hvdyI6IjliOTEwNzEifQ%3D%3D\" href='https:\/\/lepsa.com\/wp-content\/uploads\/2021\/01\/revestimiento_3-1.jpg'><img decoding=\"async\" width=\"550\" height=\"400\" data-src=\"https:\/\/lepsa.com\/wp-content\/uploads\/2021\/01\/revestimiento_3-1-550x400.jpg\" class=\"attachment-sydney-medium-thumb size-sydney-medium-thumb lazyload\" alt=\"revestimientos anticorrosivos de fibra de vidrio\" src=\"data:image\/svg+xml;base64,PHN2ZyB3aWR0aD0iMSIgaGVpZ2h0PSIxIiB4bWxucz0iaHR0cDovL3d3dy53My5vcmcvMjAwMC9zdmciPjwvc3ZnPg==\" style=\"--smush-placeholder-width: 550px; --smush-placeholder-aspect-ratio: 550\/400;\" \/><\/a>\n\t\t\t<\/div><\/figure><figure class='gallery-item'>\n\t\t\t<div class='gallery-icon landscape'>\n\t\t\t\t<a data-elementor-open-lightbox=\"yes\" data-elementor-lightbox-slideshow=\"9b91071\" data-elementor-lightbox-title=\"revestimientos anticorrosivos de fibra de vidrio\" data-e-action-hash=\"#elementor-action%3Aaction%3Dlightbox%26settings%3DeyJpZCI6MTA5NCwidXJsIjoiaHR0cHM6XC9cL2xlcHNhLmNvbVwvd3AtY29udGVudFwvdXBsb2Fkc1wvMjAyMVwvMDFcL3JldmVzdGltaWVudG9fNC5qcGciLCJzbGlkZXNob3ciOiI5YjkxMDcxIn0%3D\" href='https:\/\/lepsa.com\/wp-content\/uploads\/2021\/01\/revestimiento_4.jpg'><img decoding=\"async\" width=\"550\" height=\"400\" data-src=\"https:\/\/lepsa.com\/wp-content\/uploads\/2021\/01\/revestimiento_4-550x400.jpg\" class=\"attachment-sydney-medium-thumb size-sydney-medium-thumb lazyload\" alt=\"revestimientos anticorrosivos de fibra de vidrio\" src=\"data:image\/svg+xml;base64,PHN2ZyB3aWR0aD0iMSIgaGVpZ2h0PSIxIiB4bWxucz0iaHR0cDovL3d3dy53My5vcmcvMjAwMC9zdmciPjwvc3ZnPg==\" style=\"--smush-placeholder-width: 550px; --smush-placeholder-aspect-ratio: 550\/400;\" \/><\/a>\n\t\t\t<\/div><\/figure>\n\t\t<\/div>\n\t\t<\/div>\n\t\t\t\t\t\t<\/div>\n\t\t\t\t\t<\/div>\n\t\t<\/div>\n\t\t\t\t\t<\/div>\n\t\t<\/section>\n\t\t\t\t<section class=\"elementor-section elementor-top-section elementor-element elementor-element-b9d455b elementor-section-full_width elementor-section-stretched elementor-section-height-default elementor-section-height-default\" data-id=\"b9d455b\" data-element_type=\"section\" data-settings=\"{&quot;stretch_section&quot;:&quot;section-stretched&quot;}\">\n\t\t\t\t\t\t<div class=\"elementor-container elementor-column-gap-default\">\n\t\t\t\t\t<div class=\"elementor-column elementor-col-100 elementor-top-column elementor-element elementor-element-bebc9fb\" data-id=\"bebc9fb\" data-element_type=\"column\">\n\t\t\t<div class=\"elementor-widget-wrap elementor-element-populated\">\n\t\t\t\t\t\t<section class=\"elementor-section elementor-inner-section elementor-element elementor-element-27ee384 elementor-section-full_width elementor-section-height-default elementor-section-height-default\" data-id=\"27ee384\" data-element_type=\"section\">\n\t\t\t\t\t\t<div class=\"elementor-container elementor-column-gap-default\">\n\t\t\t\t\t<div class=\"elementor-column elementor-col-100 elementor-inner-column elementor-element elementor-element-3bef3b4\" data-id=\"3bef3b4\" data-element_type=\"column\">\n\t\t\t<div class=\"elementor-widget-wrap elementor-element-populated\">\n\t\t\t\t\t\t<div class=\"elementor-element elementor-element-2525aed elementor-position-left elementor-view-default elementor-mobile-position-top elementor-widget elementor-widget-icon-box\" data-id=\"2525aed\" data-element_type=\"widget\" data-widget_type=\"icon-box.default\">\n\t\t\t\t\t\t\t<div class=\"elementor-icon-box-wrapper\">\n\n\t\t\t\t\t\t<div class=\"elementor-icon-box-icon\">\n\t\t\t\t<a href=\"https:\/\/lepsa.com\/en\/temporal\/alcances\/\" class=\"elementor-icon\" tabindex=\"-1\" aria-label=\"Back to Applications\">\n\t\t\t\t<i aria-hidden=\"true\" class=\"fas fa-arrow-alt-circle-left\"><\/i>\t\t\t\t<\/a>\n\t\t\t<\/div>\n\t\t\t\n\t\t\t\t\t\t<div class=\"elementor-icon-box-content\">\n\n\t\t\t\t\t\t\t\t\t<span class=\"elementor-icon-box-title\">\n\t\t\t\t\t\t<a href=\"https:\/\/lepsa.com\/en\/temporal\/alcances\/\" >\n\t\t\t\t\t\t\tBack to Applications\t\t\t\t\t\t<\/a>\n\t\t\t\t\t<\/span>\n\t\t\t\t\n\t\t\t\t\n\t\t\t<\/div>\n\t\t\t\n\t\t<\/div>\n\t\t\t\t\t\t<\/div>\n\t\t\t\t\t<\/div>\n\t\t<\/div>\n\t\t\t\t\t<\/div>\n\t\t<\/section>\n\t\t\t\t\t<\/div>\n\t\t<\/div>\n\t\t\t\t\t<\/div>\n\t\t<\/section>\n\t\t\t\t<\/div>","protected":false},"excerpt":{"rendered":"<p>Productos Revestimientos anticorrosivos de fibra de vidrio LEPSA cuenta con un departamento especializado en brindar el servicio de aplicaci\u00f3n de revestimientos anticorrosivos de fibra de vidrio (PRFV: poli\u00e9ster reforzado con fibra de vidrio) para tanques met\u00e1licos enterrados o sobre superficie, as\u00ed como pozas de concreto. El revestimiento en PRFV otorga al tanque o equipo una [&hellip;]<\/p>","protected":false},"author":1,"featured_media":0,"parent":0,"menu_order":0,"comment_status":"closed","ping_status":"closed","template":"elementor_header_footer","meta":{"footnotes":""},"class_list":["post-793","page","type-page","status-publish","hentry"],"yoast_head":"<!-- This site is optimized with the Yoast SEO plugin v26.4 - https:\/\/yoast.com\/wordpress\/plugins\/seo\/ -->\n<title>Revestimientos anticorrosivos en fibra de vidrio | Lepsa<\/title>\n<meta name=\"description\" content=\"Servicio de revestimiento anticorrosivo en fibra de vidrio para tanques met\u00e1licos y pozas de concreto de combustibles y productos qu\u00edmicos.\" \/>\n<meta name=\"robots\" content=\"index, follow, max-snippet:-1, max-image-preview:large, max-video-preview:-1\" \/>\n<link rel=\"canonical\" href=\"https:\/\/lepsa.com\/en\/tanques-de-fibra-de-vidrio-prfv\/\" \/>\n<meta property=\"og:locale\" content=\"en_US\" \/>\n<meta property=\"og:type\" content=\"article\" \/>\n<meta property=\"og:title\" content=\"Revestimientos anticorrosivos en fibra de vidrio | Lepsa\" \/>\n<meta property=\"og:description\" content=\"Servicio de revestimiento anticorrosivo en fibra de vidrio para tanques met\u00e1licos y pozas de concreto de combustibles y productos qu\u00edmicos.\" \/>\n<meta property=\"og:url\" content=\"https:\/\/lepsa.com\/en\/tanques-de-fibra-de-vidrio-prfv\/\" \/>\n<meta property=\"og:site_name\" content=\"LEPSA\" \/>\n<meta property=\"article:modified_time\" content=\"2022-03-10T22:36:33+00:00\" \/>\n<meta property=\"og:image\" content=\"https:\/\/lepsa.com\/wp-content\/uploads\/2021\/01\/revestimiento_2-550x400.jpg\" \/>\n<meta name=\"twitter:card\" content=\"summary_large_image\" \/>\n<meta name=\"twitter:label1\" content=\"Est. reading time\" \/>\n\t<meta name=\"twitter:data1\" content=\"2 minutes\" \/>\n<script type=\"application\/ld+json\" class=\"yoast-schema-graph\">{\"@context\":\"https:\/\/schema.org\",\"@graph\":[{\"@type\":\"WebPage\",\"@id\":\"https:\/\/lepsa.com\/revestimientos-anticorrosivos-en-fibra-de-vidrio\/\",\"url\":\"https:\/\/lepsa.com\/tanques-de-fibra-de-vidrio-prfv\/\",\"name\":\"Revestimientos anticorrosivos en fibra de vidrio | Lepsa\",\"isPartOf\":{\"@id\":\"https:\/\/lepsa.com\/#website\"},\"primaryImageOfPage\":{\"@id\":\"https:\/\/lepsa.com\/tanques-de-fibra-de-vidrio-prfv\/#primaryimage\"},\"image\":{\"@id\":\"https:\/\/lepsa.com\/tanques-de-fibra-de-vidrio-prfv\/#primaryimage\"},\"thumbnailUrl\":\"https:\/\/lepsa.com\/wp-content\/uploads\/2021\/01\/revestimiento_2-550x400.jpg\",\"datePublished\":\"2021-01-18T19:30:43+00:00\",\"dateModified\":\"2022-03-10T22:36:33+00:00\",\"description\":\"Servicio de revestimiento anticorrosivo en fibra de vidrio para tanques met\u00e1licos y pozas de concreto de combustibles y productos qu\u00edmicos.\",\"breadcrumb\":{\"@id\":\"https:\/\/lepsa.com\/tanques-de-fibra-de-vidrio-prfv\/#breadcrumb\"},\"inLanguage\":\"en-US\",\"potentialAction\":[{\"@type\":\"ReadAction\",\"target\":[\"https:\/\/lepsa.com\/tanques-de-fibra-de-vidrio-prfv\/\"]}]},{\"@type\":\"ImageObject\",\"inLanguage\":\"en-US\",\"@id\":\"https:\/\/lepsa.com\/tanques-de-fibra-de-vidrio-prfv\/#primaryimage\",\"url\":\"https:\/\/lepsa.com\/wp-content\/uploads\/2021\/01\/revestimiento_2-550x400.jpg\",\"contentUrl\":\"https:\/\/lepsa.com\/wp-content\/uploads\/2021\/01\/revestimiento_2-550x400.jpg\"},{\"@type\":\"BreadcrumbList\",\"@id\":\"https:\/\/lepsa.com\/tanques-de-fibra-de-vidrio-prfv\/#breadcrumb\",\"itemListElement\":[{\"@type\":\"ListItem\",\"position\":1,\"name\":\"Portada\",\"item\":\"https:\/\/lepsa.com\/\"},{\"@type\":\"ListItem\",\"position\":2,\"name\":\"Revestimientos anticorrosivos\"}]},{\"@type\":\"WebSite\",\"@id\":\"https:\/\/lepsa.com\/#website\",\"url\":\"https:\/\/lepsa.com\/\",\"name\":\"LEPSA\",\"description\":\"Soluciones integrales para la industria y miner\u00eda\",\"publisher\":{\"@id\":\"https:\/\/lepsa.com\/#organization\"},\"potentialAction\":[{\"@type\":\"SearchAction\",\"target\":{\"@type\":\"EntryPoint\",\"urlTemplate\":\"https:\/\/lepsa.com\/?s={search_term_string}\"},\"query-input\":{\"@type\":\"PropertyValueSpecification\",\"valueRequired\":true,\"valueName\":\"search_term_string\"}}],\"inLanguage\":\"en-US\"},{\"@type\":\"Organization\",\"@id\":\"https:\/\/lepsa.com\/#organization\",\"name\":\"LEPSA\",\"url\":\"https:\/\/lepsa.com\/\",\"logo\":{\"@type\":\"ImageObject\",\"inLanguage\":\"en-US\",\"@id\":\"https:\/\/lepsa.com\/#\/schema\/logo\/image\/\",\"url\":\"https:\/\/lepsa.com\/wp-content\/uploads\/2021\/01\/lepsa.jpg\",\"contentUrl\":\"https:\/\/lepsa.com\/wp-content\/uploads\/2021\/01\/lepsa.jpg\",\"width\":725,\"height\":297,\"caption\":\"LEPSA\"},\"image\":{\"@id\":\"https:\/\/lepsa.com\/#\/schema\/logo\/image\/\"},\"sameAs\":[\"https:\/\/www.linkedin.com\/company\/lepsa-s-a-c\"]}]}<\/script>\n<!-- \/ Yoast SEO plugin. -->","yoast_head_json":{"title":"Revestimientos anticorrosivos en fibra de vidrio | Lepsa","description":"Servicio de revestimiento anticorrosivo en fibra de vidrio para tanques met\u00e1licos y pozas de concreto de combustibles y productos qu\u00edmicos.","robots":{"index":"index","follow":"follow","max-snippet":"max-snippet:-1","max-image-preview":"max-image-preview:large","max-video-preview":"max-video-preview:-1"},"canonical":"https:\/\/lepsa.com\/en\/tanques-de-fibra-de-vidrio-prfv\/","og_locale":"en_US","og_type":"article","og_title":"Revestimientos anticorrosivos en fibra de vidrio | Lepsa","og_description":"Servicio de revestimiento anticorrosivo en fibra de vidrio para tanques met\u00e1licos y pozas de concreto de combustibles y productos qu\u00edmicos.","og_url":"https:\/\/lepsa.com\/en\/tanques-de-fibra-de-vidrio-prfv\/","og_site_name":"LEPSA","article_modified_time":"2022-03-10T22:36:33+00:00","og_image":[{"url":"https:\/\/lepsa.com\/wp-content\/uploads\/2021\/01\/revestimiento_2-550x400.jpg","type":"","width":"","height":""}],"twitter_card":"summary_large_image","twitter_misc":{"Est. reading time":"2 minutes"},"schema":{"@context":"https:\/\/schema.org","@graph":[{"@type":"WebPage","@id":"https:\/\/lepsa.com\/revestimientos-anticorrosivos-en-fibra-de-vidrio\/","url":"https:\/\/lepsa.com\/tanques-de-fibra-de-vidrio-prfv\/","name":"Revestimientos anticorrosivos en fibra de vidrio | Lepsa","isPartOf":{"@id":"https:\/\/lepsa.com\/#website"},"primaryImageOfPage":{"@id":"https:\/\/lepsa.com\/tanques-de-fibra-de-vidrio-prfv\/#primaryimage"},"image":{"@id":"https:\/\/lepsa.com\/tanques-de-fibra-de-vidrio-prfv\/#primaryimage"},"thumbnailUrl":"https:\/\/lepsa.com\/wp-content\/uploads\/2021\/01\/revestimiento_2-550x400.jpg","datePublished":"2021-01-18T19:30:43+00:00","dateModified":"2022-03-10T22:36:33+00:00","description":"Servicio de revestimiento anticorrosivo en fibra de vidrio para tanques met\u00e1licos y pozas de concreto de combustibles y productos qu\u00edmicos.","breadcrumb":{"@id":"https:\/\/lepsa.com\/tanques-de-fibra-de-vidrio-prfv\/#breadcrumb"},"inLanguage":"en-US","potentialAction":[{"@type":"ReadAction","target":["https:\/\/lepsa.com\/tanques-de-fibra-de-vidrio-prfv\/"]}]},{"@type":"ImageObject","inLanguage":"en-US","@id":"https:\/\/lepsa.com\/tanques-de-fibra-de-vidrio-prfv\/#primaryimage","url":"https:\/\/lepsa.com\/wp-content\/uploads\/2021\/01\/revestimiento_2-550x400.jpg","contentUrl":"https:\/\/lepsa.com\/wp-content\/uploads\/2021\/01\/revestimiento_2-550x400.jpg"},{"@type":"BreadcrumbList","@id":"https:\/\/lepsa.com\/tanques-de-fibra-de-vidrio-prfv\/#breadcrumb","itemListElement":[{"@type":"ListItem","position":1,"name":"Portada","item":"https:\/\/lepsa.com\/"},{"@type":"ListItem","position":2,"name":"Revestimientos anticorrosivos"}]},{"@type":"WebSite","@id":"https:\/\/lepsa.com\/#website","url":"https:\/\/lepsa.com\/","name":"LEPSA","description":"Soluciones integrales para la industria y miner\u00eda","publisher":{"@id":"https:\/\/lepsa.com\/#organization"},"potentialAction":[{"@type":"SearchAction","target":{"@type":"EntryPoint","urlTemplate":"https:\/\/lepsa.com\/?s={search_term_string}"},"query-input":{"@type":"PropertyValueSpecification","valueRequired":true,"valueName":"search_term_string"}}],"inLanguage":"en-US"},{"@type":"Organization","@id":"https:\/\/lepsa.com\/#organization","name":"LEPSA","url":"https:\/\/lepsa.com\/","logo":{"@type":"ImageObject","inLanguage":"en-US","@id":"https:\/\/lepsa.com\/#\/schema\/logo\/image\/","url":"https:\/\/lepsa.com\/wp-content\/uploads\/2021\/01\/lepsa.jpg","contentUrl":"https:\/\/lepsa.com\/wp-content\/uploads\/2021\/01\/lepsa.jpg","width":725,"height":297,"caption":"LEPSA"},"image":{"@id":"https:\/\/lepsa.com\/#\/schema\/logo\/image\/"},"sameAs":["https:\/\/www.linkedin.com\/company\/lepsa-s-a-c"]}]}},"_links":{"self":[{"href":"https:\/\/lepsa.com\/en\/wp-json\/wp\/v2\/pages\/793","targetHints":{"allow":["GET"]}}],"collection":[{"href":"https:\/\/lepsa.com\/en\/wp-json\/wp\/v2\/pages"}],"about":[{"href":"https:\/\/lepsa.com\/en\/wp-json\/wp\/v2\/types\/page"}],"author":[{"embeddable":true,"href":"https:\/\/lepsa.com\/en\/wp-json\/wp\/v2\/users\/1"}],"replies":[{"embeddable":true,"href":"https:\/\/lepsa.com\/en\/wp-json\/wp\/v2\/comments?post=793"}],"version-history":[{"count":28,"href":"https:\/\/lepsa.com\/en\/wp-json\/wp\/v2\/pages\/793\/revisions"}],"predecessor-version":[{"id":4083,"href":"https:\/\/lepsa.com\/en\/wp-json\/wp\/v2\/pages\/793\/revisions\/4083"}],"wp:attachment":[{"href":"https:\/\/lepsa.com\/en\/wp-json\/wp\/v2\/media?parent=793"}],"curies":[{"name":"wp","href":"https:\/\/api.w.org\/{rel}","templated":true}]}}