{"id":773,"date":"2021-01-18T19:22:54","date_gmt":"2021-01-18T19:22:54","guid":{"rendered":"https:\/\/lepsa.com\/temporal\/?page_id=773"},"modified":"2022-03-10T17:31:34","modified_gmt":"2022-03-10T22:31:34","slug":"montaje-e-instalacion-de-tanques-y-tuberias-en-prfv","status":"publish","type":"page","link":"https:\/\/lepsa.com\/en\/montaje-e-instalacion-de-tanques-y-tuberias-en-prfv\/","title":{"rendered":"Installation and commissioning of FRP tanks and piping systems"},"content":{"rendered":"<div data-elementor-type=\"wp-page\" data-elementor-id=\"773\" class=\"elementor elementor-773\" data-elementor-post-type=\"page\">\n\t\t\t\t\t\t<section class=\"elementor-section elementor-top-section elementor-element elementor-element-633344d elementor-section-boxed elementor-section-height-default elementor-section-height-default\" data-id=\"633344d\" data-element_type=\"section\">\n\t\t\t\t\t\t<div class=\"elementor-container elementor-column-gap-default\">\n\t\t\t\t\t<div class=\"elementor-column elementor-col-100 elementor-top-column elementor-element elementor-element-113dfa6\" data-id=\"113dfa6\" data-element_type=\"column\">\n\t\t\t<div class=\"elementor-widget-wrap elementor-element-populated\">\n\t\t\t\t\t\t<div class=\"elementor-element elementor-element-56155e7 elementor-widget elementor-widget-text-editor\" data-id=\"56155e7\" data-element_type=\"widget\" data-widget_type=\"text-editor.default\">\n\t\t\t\t\t\t\t\t\t<p>\n\t\t<!-- MasterSlider -->\n\t\t<div id=\"P_MS69ed4c7dbfff2\" class=\"master-slider-parent msl ms-parent-id-3\" style=\"\">\n\n\t\t\t\n\t\t\t<!-- MasterSlider Main -->\n\t\t\t<div id=\"MS69ed4c7dbfff2\" class=\"master-slider ms-skin-light-3\" >\n\t\t\t\t \t\t\t\t \n\t\t\t\t<div  class=\"ms-slide\" data-delay=\"6\" data-fill-mode=\"fill\"  >\n\t\t\t\t\t<img decoding=\"async\" src=\"https:\/\/lepsa.com\/wp-content\/plugins\/master-slider\/public\/assets\/css\/blank.gif\" alt=\"\" title=\"\" data-src=\"https:\/\/lepsa.com\/wp-content\/uploads\/2021\/01\/01-1.jpg\" \/>\n\n\n\t<div class=\"ms-thumb\" ><div class=\"ms-tab-context\"><div class=\"&quot;ms-tab-context&quot;\"><\/div><\/div>\n<\/div>\n\t\t\t\t<\/div>\n\t\t\t\t<div  class=\"ms-slide\" data-delay=\"6\" data-fill-mode=\"fill\"  >\n\t\t\t\t\t<img decoding=\"async\" src=\"https:\/\/lepsa.com\/wp-content\/plugins\/master-slider\/public\/assets\/css\/blank.gif\" alt=\"\" title=\"\" data-src=\"https:\/\/lepsa.com\/wp-content\/uploads\/2021\/01\/total_header_3.jpg\" \/>\n\n\n\t<div class=\"ms-thumb\" ><div class=\"ms-tab-context\"><div class=\"&quot;ms-tab-context&quot;\"><\/div><\/div>\n<\/div>\n\t\t\t\t<\/div>\n\t\t\t\t<div  class=\"ms-slide\" data-delay=\"6\" data-fill-mode=\"fill\"  >\n\t\t\t\t\t<img decoding=\"async\" src=\"https:\/\/lepsa.com\/wp-content\/plugins\/master-slider\/public\/assets\/css\/blank.gif\" alt=\"\" title=\"\" data-src=\"https:\/\/lepsa.com\/wp-content\/uploads\/2021\/01\/03-1.jpg\" \/>\n\n\n\t<div class=\"ms-thumb\" ><div class=\"ms-tab-context\"><div class=\"&quot;ms-tab-context&quot;\"><\/div><\/div>\n<\/div>\n\t\t\t\t<\/div>\n\t\t\t\t<div  class=\"ms-slide\" data-delay=\"6\" data-fill-mode=\"fill\"  >\n\t\t\t\t\t<img decoding=\"async\" src=\"https:\/\/lepsa.com\/wp-content\/plugins\/master-slider\/public\/assets\/css\/blank.gif\" alt=\"\" title=\"\" data-src=\"https:\/\/lepsa.com\/wp-content\/uploads\/2021\/01\/04-1-scaled.jpg\" \/>\n\n\n\t<div class=\"ms-thumb\" ><div class=\"ms-tab-context\"><div class=\"&quot;ms-tab-context&quot;\"><\/div><\/div>\n<\/div>\n\t\t\t\t<\/div>\n\t\t\t\t<div  class=\"ms-slide\" data-delay=\"6\" data-fill-mode=\"fill\"  >\n\t\t\t\t\t<img decoding=\"async\" src=\"https:\/\/lepsa.com\/wp-content\/plugins\/master-slider\/public\/assets\/css\/blank.gif\" alt=\"\" title=\"\" data-src=\"https:\/\/lepsa.com\/wp-content\/uploads\/2021\/01\/05-1.jpg\" \/>\n\n\n\t<div class=\"ms-thumb\" ><div class=\"ms-tab-context\"><div class=\"&quot;ms-tab-context&quot;\"><\/div><\/div>\n<\/div>\n\t\t\t\t<\/div>\n\t\t\t\t<div  class=\"ms-slide\" data-delay=\"6\" data-fill-mode=\"fill\"  >\n\t\t\t\t\t<img decoding=\"async\" src=\"https:\/\/lepsa.com\/wp-content\/plugins\/master-slider\/public\/assets\/css\/blank.gif\" alt=\"\" title=\"\" data-src=\"https:\/\/lepsa.com\/wp-content\/uploads\/2021\/01\/06-1.jpg\" \/>\n\n\n\t<div class=\"ms-thumb\" ><div class=\"ms-tab-context\"><div class=\"&quot;ms-tab-context&quot;\"><\/div><\/div>\n<\/div>\n\t\t\t\t<\/div>\n\n\t\t\t<\/div>\n\t\t\t<!-- END MasterSlider Main -->\n\n\t\t\t \n\t\t<\/div>\n\t\t<!-- END MasterSlider -->\n\n\t\t<script>\n\t\t(function ( $ ) {\n\t\t\t\"use strict\";\n\n\t\t\t$(function () {\n\t\t\t\tvar masterslider_fff2 = new MasterSlider();\n\n\t\t\t\t\/\/ slider controls\n\n\t\t\t\t\/\/ slider setup\n\t\t\t\tmasterslider_fff2.setup(\"MS69ed4c7dbfff2\", {\n\t\t\t\t\t\twidth           : 800,\n\t\t\t\t\t\theight          : 300,\n\t\t\t\t\t\tminHeight       : 0,\n\t\t\t\t\t\tspace           : 0,\n\t\t\t\t\t\tstart           : 1,\n\t\t\t\t\t\tgrabCursor      : false,\n\t\t\t\t\t\tswipe           : false,\n\t\t\t\t\t\tmouse           : false,\n\t\t\t\t\t\tlayout          : \"fullwidth\",\n\t\t\t\t\t\twheel           : false,\n\t\t\t\t\t\tautoplay        : true,\n\t\t\t\t\t\tinstantStartLayers:false,\n\t\t\t\t\t\tloop            : true,\n\t\t\t\t\t\tshuffle         : true,\n\t\t\t\t\t\tpreload         : 0,\n\t\t\t\t\t\theightLimit     : true,\n\t\t\t\t\t\tautoHeight      : false,\n\t\t\t\t\t\tsmoothHeight    : true,\n\t\t\t\t\t\tendPause        : false,\n\t\t\t\t\t\toverPause       : false,\n\t\t\t\t\t\tfillMode        : \"fill\",\n\t\t\t\t\t\tcenterControls  : true,\n\t\t\t\t\t\tstartOnAppear   : false,\n\t\t\t\t\t\tlayersMode      : \"center\",\n\t\t\t\t\t\thideLayers      : false,\n\t\t\t\t\t\tfullscreenMargin: 0,\n\t\t\t\t\t\tspeed           : 20,\n\t\t\t\t\t\tdir             : \"h\",\n\t\t\t\t\t\tparallaxMode    : 'swipe',\n\t\t\t\t\t\tview            : \"basic\"\n\t\t\t\t});\n\n\t\t\t\t\n\t\t\t\twindow.masterslider_instances = window.masterslider_instances || [];\n\t\t\t\twindow.masterslider_instances.push( masterslider_fff2 );\n\t\t\t });\n\n\t\t})(jQuery);\n\t\t<\/script>\n\n<\/p>\t\t\t\t\t\t\t\t<\/div>\n\t\t\t\t\t<\/div>\n\t\t<\/div>\n\t\t\t\t\t<\/div>\n\t\t<\/section>\n\t\t\t\t<section class=\"elementor-section elementor-top-section elementor-element elementor-element-8e94a8b elementor-section-full_width elementor-section-stretched elementor-section-height-default elementor-section-height-default\" data-id=\"8e94a8b\" data-element_type=\"section\" data-settings=\"{&quot;stretch_section&quot;:&quot;section-stretched&quot;}\">\n\t\t\t\t\t\t<div class=\"elementor-container elementor-column-gap-default\">\n\t\t\t\t\t<div class=\"elementor-column elementor-col-100 elementor-top-column elementor-element elementor-element-78aa4ca\" data-id=\"78aa4ca\" data-element_type=\"column\">\n\t\t\t<div class=\"elementor-widget-wrap elementor-element-populated\">\n\t\t\t\t\t\t<div class=\"elementor-element elementor-element-40273e5 elementor-widget elementor-widget-heading\" data-id=\"40273e5\" data-element_type=\"widget\" data-widget_type=\"heading.default\">\n\t\t\t\t\t<p class=\"elementor-heading-title elementor-size-large\"><b>Products<\/b><\/p>\t\t\t\t<\/div>\n\t\t\t\t\t<\/div>\n\t\t<\/div>\n\t\t\t\t\t<\/div>\n\t\t<\/section>\n\t\t\t\t<section class=\"elementor-section elementor-top-section elementor-element elementor-element-39e6fa0 elementor-section-full_width elementor-section-stretched elementor-section-height-default elementor-section-height-default\" data-id=\"39e6fa0\" data-element_type=\"section\" data-settings=\"{&quot;stretch_section&quot;:&quot;section-stretched&quot;}\">\n\t\t\t\t\t\t<div class=\"elementor-container elementor-column-gap-default\">\n\t\t\t\t\t<div class=\"elementor-column elementor-col-50 elementor-top-column elementor-element elementor-element-5bb7316\" data-id=\"5bb7316\" data-element_type=\"column\">\n\t\t\t<div class=\"elementor-widget-wrap elementor-element-populated\">\n\t\t\t\t\t\t<div class=\"elementor-element elementor-element-13a085c elementor-widget elementor-widget-heading\" data-id=\"13a085c\" data-element_type=\"widget\" data-widget_type=\"heading.default\">\n\t\t\t\t\t<h1 class=\"elementor-heading-title elementor-size-large\">FRP tank and piping assembly and installation<\/h1>\t\t\t\t<\/div>\n\t\t\t\t<div class=\"elementor-element elementor-element-a78b7ec elementor-widget elementor-widget-text-editor\" data-id=\"a78b7ec\" data-element_type=\"widget\" data-widget_type=\"text-editor.default\">\n\t\t\t\t\t\t\t\t\t<p>For the assembly and installation LEPSA has a multidisciplinary Operations Department, which directs, supervises and executes the works in the field. In this way, specialized personnel is available for the activities of:<\/p>\n<ul>\n<li>Electrical\/Mechanical installation.<\/li>\n<li>Installation of interconnection piping.<\/li>\n<li>Welding (TIG, MIG).<\/li>\n<li>FRP jointing.<\/li>\n<li>Civil works.<\/li>\n<li>Thermoplastics welding.<\/li>\n<li>Quality Control and Testing<\/li>\n<\/ul>\n<p>LEPSA assumes responsibility for manufacturing, transporting and installing <a href=\"https:\/\/lepsa.com\/en\/tanques-de-fibra-de-vidrio-prfv\/\">FRP tanks<\/a>, piping and general products. The same quality standard maintained in the factory is continued in the field during installation. The same quality standard maintained in the factory is continued in the field during installation. Qualified professionals and technicians, experts in safety standards and specialized work, are in charge of commissioning the systems and equipment in the shortest possible time.<\/p>\t\t\t\t\t\t\t\t<\/div>\n\t\t\t\t\t<\/div>\n\t\t<\/div>\n\t\t\t\t<div class=\"elementor-column elementor-col-50 elementor-top-column elementor-element elementor-element-b993ed3\" data-id=\"b993ed3\" data-element_type=\"column\">\n\t\t\t<div class=\"elementor-widget-wrap elementor-element-populated\">\n\t\t\t\t\t\t<div class=\"elementor-element elementor-element-9b91071 gallery-spacing-custom elementor-widget elementor-widget-image-gallery\" data-id=\"9b91071\" data-element_type=\"widget\" data-widget_type=\"image-gallery.default\">\n\t\t\t\t\t\t\t<div class=\"elementor-image-gallery\">\n\t\t\t<div id='gallery-1' class='gallery galleryid-773 gallery-columns-2 gallery-size-sydney-medium-thumb'><figure class='gallery-item'>\n\t\t\t<div class='gallery-icon landscape'>\n\t\t\t\t<a data-elementor-open-lightbox=\"yes\" data-elementor-lightbox-slideshow=\"9b91071\" data-elementor-lightbox-title=\"instalacion de tanques y tuberia en fibra de vidrio prfv\" data-e-action-hash=\"#elementor-action%3Aaction%3Dlightbox%26settings%3DeyJpZCI6Nzc2LCJ1cmwiOiJodHRwczpcL1wvbGVwc2EuY29tXC93cC1jb250ZW50XC91cGxvYWRzXC8yMDIxXC8wMVwvbW9udGFqZV8xLmpwZyIsInNsaWRlc2hvdyI6IjliOTEwNzEifQ%3D%3D\" href='https:\/\/lepsa.com\/wp-content\/uploads\/2021\/01\/montaje_1.jpg'><img fetchpriority=\"high\" decoding=\"async\" width=\"550\" height=\"400\" src=\"https:\/\/lepsa.com\/wp-content\/uploads\/2021\/01\/montaje_1-550x400.jpg\" class=\"attachment-sydney-medium-thumb size-sydney-medium-thumb\" alt=\"instalacion de tanques y tuberia en fibra de vidrio prfv\" \/><\/a>\n\t\t\t<\/div><\/figure><figure class='gallery-item'>\n\t\t\t<div class='gallery-icon landscape'>\n\t\t\t\t<a data-elementor-open-lightbox=\"yes\" data-elementor-lightbox-slideshow=\"9b91071\" data-elementor-lightbox-title=\"instalacion de tanques y tuberia en fibra de vidrio prfv\" data-e-action-hash=\"#elementor-action%3Aaction%3Dlightbox%26settings%3DeyJpZCI6Nzc3LCJ1cmwiOiJodHRwczpcL1wvbGVwc2EuY29tXC93cC1jb250ZW50XC91cGxvYWRzXC8yMDIxXC8wMVwvbW9udGFqZV8yLmpwZyIsInNsaWRlc2hvdyI6IjliOTEwNzEifQ%3D%3D\" href='https:\/\/lepsa.com\/wp-content\/uploads\/2021\/01\/montaje_2.jpg'><img decoding=\"async\" width=\"550\" height=\"400\" data-src=\"https:\/\/lepsa.com\/wp-content\/uploads\/2021\/01\/montaje_2-550x400.jpg\" class=\"attachment-sydney-medium-thumb size-sydney-medium-thumb lazyload\" alt=\"instalacion de tanques y tuberia en fibra de vidrio prfv\" src=\"data:image\/svg+xml;base64,PHN2ZyB3aWR0aD0iMSIgaGVpZ2h0PSIxIiB4bWxucz0iaHR0cDovL3d3dy53My5vcmcvMjAwMC9zdmciPjwvc3ZnPg==\" style=\"--smush-placeholder-width: 550px; --smush-placeholder-aspect-ratio: 550\/400;\" \/><\/a>\n\t\t\t<\/div><\/figure><figure class='gallery-item'>\n\t\t\t<div class='gallery-icon landscape'>\n\t\t\t\t<a data-elementor-open-lightbox=\"yes\" data-elementor-lightbox-slideshow=\"9b91071\" data-elementor-lightbox-title=\"instalacion de tanques y tuberia en fibra de vidrio prfv\" data-e-action-hash=\"#elementor-action%3Aaction%3Dlightbox%26settings%3DeyJpZCI6Nzc5LCJ1cmwiOiJodHRwczpcL1wvbGVwc2EuY29tXC93cC1jb250ZW50XC91cGxvYWRzXC8yMDIxXC8wMVwvbW9udGFqZV80LmpwZyIsInNsaWRlc2hvdyI6IjliOTEwNzEifQ%3D%3D\" href='https:\/\/lepsa.com\/wp-content\/uploads\/2021\/01\/montaje_4.jpg'><img decoding=\"async\" width=\"550\" height=\"400\" data-src=\"https:\/\/lepsa.com\/wp-content\/uploads\/2021\/01\/montaje_4-550x400.jpg\" class=\"attachment-sydney-medium-thumb size-sydney-medium-thumb lazyload\" alt=\"instalacion de tanques y tuberia en fibra de vidrio prfv\" src=\"data:image\/svg+xml;base64,PHN2ZyB3aWR0aD0iMSIgaGVpZ2h0PSIxIiB4bWxucz0iaHR0cDovL3d3dy53My5vcmcvMjAwMC9zdmciPjwvc3ZnPg==\" style=\"--smush-placeholder-width: 550px; --smush-placeholder-aspect-ratio: 550\/400;\" \/><\/a>\n\t\t\t<\/div><\/figure><figure class='gallery-item'>\n\t\t\t<div class='gallery-icon landscape'>\n\t\t\t\t<a data-elementor-open-lightbox=\"yes\" data-elementor-lightbox-slideshow=\"9b91071\" data-elementor-lightbox-title=\"instalacion de tanques y tuberia en fibra de vidrio prfv\" data-e-action-hash=\"#elementor-action%3Aaction%3Dlightbox%26settings%3DeyJpZCI6Nzc4LCJ1cmwiOiJodHRwczpcL1wvbGVwc2EuY29tXC93cC1jb250ZW50XC91cGxvYWRzXC8yMDIxXC8wMVwvbW9udGFqZV8zLmpwZyIsInNsaWRlc2hvdyI6IjliOTEwNzEifQ%3D%3D\" href='https:\/\/lepsa.com\/wp-content\/uploads\/2021\/01\/montaje_3.jpg'><img decoding=\"async\" width=\"550\" height=\"400\" data-src=\"https:\/\/lepsa.com\/wp-content\/uploads\/2021\/01\/montaje_3-550x400.jpg\" class=\"attachment-sydney-medium-thumb size-sydney-medium-thumb lazyload\" alt=\"instalacion de tanques y tuberia en fibra de vidrio prfv\" src=\"data:image\/svg+xml;base64,PHN2ZyB3aWR0aD0iMSIgaGVpZ2h0PSIxIiB4bWxucz0iaHR0cDovL3d3dy53My5vcmcvMjAwMC9zdmciPjwvc3ZnPg==\" style=\"--smush-placeholder-width: 550px; --smush-placeholder-aspect-ratio: 550\/400;\" \/><\/a>\n\t\t\t<\/div><\/figure>\n\t\t<\/div>\n\t\t<\/div>\n\t\t\t\t\t\t<\/div>\n\t\t\t\t\t<\/div>\n\t\t<\/div>\n\t\t\t\t\t<\/div>\n\t\t<\/section>\n\t\t\t\t<section class=\"elementor-section elementor-top-section elementor-element elementor-element-b9d455b elementor-section-full_width elementor-section-stretched elementor-section-height-default elementor-section-height-default\" data-id=\"b9d455b\" data-element_type=\"section\" data-settings=\"{&quot;stretch_section&quot;:&quot;section-stretched&quot;}\">\n\t\t\t\t\t\t<div class=\"elementor-container elementor-column-gap-default\">\n\t\t\t\t\t<div class=\"elementor-column elementor-col-100 elementor-top-column elementor-element elementor-element-bebc9fb\" data-id=\"bebc9fb\" data-element_type=\"column\">\n\t\t\t<div class=\"elementor-widget-wrap elementor-element-populated\">\n\t\t\t\t\t\t<section class=\"elementor-section elementor-inner-section elementor-element elementor-element-27ee384 elementor-section-full_width elementor-section-height-default elementor-section-height-default\" data-id=\"27ee384\" data-element_type=\"section\">\n\t\t\t\t\t\t<div class=\"elementor-container elementor-column-gap-default\">\n\t\t\t\t\t<div class=\"elementor-column elementor-col-100 elementor-inner-column elementor-element elementor-element-3bef3b4\" data-id=\"3bef3b4\" data-element_type=\"column\">\n\t\t\t<div class=\"elementor-widget-wrap elementor-element-populated\">\n\t\t\t\t\t\t<div class=\"elementor-element elementor-element-2525aed elementor-position-left elementor-view-default elementor-mobile-position-top elementor-widget elementor-widget-icon-box\" data-id=\"2525aed\" data-element_type=\"widget\" data-widget_type=\"icon-box.default\">\n\t\t\t\t\t\t\t<div class=\"elementor-icon-box-wrapper\">\n\n\t\t\t\t\t\t<div class=\"elementor-icon-box-icon\">\n\t\t\t\t<a href=\"https:\/\/lepsa.com\/en\/temporal\/alcances\/\" class=\"elementor-icon\" tabindex=\"-1\" aria-label=\"Back to Applications\">\n\t\t\t\t<i aria-hidden=\"true\" class=\"fas fa-arrow-alt-circle-left\"><\/i>\t\t\t\t<\/a>\n\t\t\t<\/div>\n\t\t\t\n\t\t\t\t\t\t<div class=\"elementor-icon-box-content\">\n\n\t\t\t\t\t\t\t\t\t<span class=\"elementor-icon-box-title\">\n\t\t\t\t\t\t<a href=\"https:\/\/lepsa.com\/en\/temporal\/alcances\/\" >\n\t\t\t\t\t\t\tBack to Applications\t\t\t\t\t\t<\/a>\n\t\t\t\t\t<\/span>\n\t\t\t\t\n\t\t\t\t\n\t\t\t<\/div>\n\t\t\t\n\t\t<\/div>\n\t\t\t\t\t\t<\/div>\n\t\t\t\t\t<\/div>\n\t\t<\/div>\n\t\t\t\t\t<\/div>\n\t\t<\/section>\n\t\t\t\t\t<\/div>\n\t\t<\/div>\n\t\t\t\t\t<\/div>\n\t\t<\/section>\n\t\t\t\t<\/div>","protected":false},"excerpt":{"rendered":"<p>Productos Montaje e instalaci\u00f3n de tanques y tuber\u00eda en fibra de vidrio (PRFV) Para el montaje e instalaci\u00f3n LEPSA cuenta con un Departamento de Operaciones multidisciplinario, el cual dirige, supervisa y ejecuta las obras en terreno. De esta manera, se dispone de personal especializado para las tareas de: Montaje e instalaci\u00f3n de equipos electro-mec\u00e1nicos. Instalaci\u00f3n [&hellip;]<\/p>","protected":false},"author":1,"featured_media":0,"parent":0,"menu_order":0,"comment_status":"closed","ping_status":"closed","template":"elementor_header_footer","meta":{"footnotes":""},"class_list":["post-773","page","type-page","status-publish","hentry"],"yoast_head":"<!-- This site is optimized with the Yoast SEO plugin v26.4 - https:\/\/yoast.com\/wordpress\/plugins\/seo\/ -->\n<title>Instalaci\u00f3n de tanques y tuber\u00eda en fibra de vidrio | Lepsa<\/title>\n<meta name=\"description\" content=\"Contamos con un departamento de operaciones multidisciplinario, el cual dirige, supervisa y ejecuta las obras en terreno.\" \/>\n<meta name=\"robots\" content=\"index, follow, max-snippet:-1, max-image-preview:large, max-video-preview:-1\" \/>\n<link rel=\"canonical\" href=\"https:\/\/lepsa.com\/en\/montaje-e-instalacion-de-tanques-y-tuberias-en-prfv\/\" \/>\n<meta property=\"og:locale\" content=\"en_US\" \/>\n<meta property=\"og:type\" content=\"article\" \/>\n<meta property=\"og:title\" content=\"Instalaci\u00f3n de tanques y tuber\u00eda en fibra de vidrio | Lepsa\" \/>\n<meta property=\"og:description\" content=\"Contamos con un departamento de operaciones multidisciplinario, el cual dirige, supervisa y ejecuta las obras en terreno.\" \/>\n<meta property=\"og:url\" content=\"https:\/\/lepsa.com\/en\/montaje-e-instalacion-de-tanques-y-tuberias-en-prfv\/\" \/>\n<meta property=\"og:site_name\" content=\"LEPSA\" \/>\n<meta property=\"article:modified_time\" content=\"2022-03-10T22:31:34+00:00\" \/>\n<meta property=\"og:image\" content=\"https:\/\/lepsa.com\/wp-content\/uploads\/2021\/01\/montaje_1-550x400.jpg\" \/>\n<meta name=\"twitter:card\" content=\"summary_large_image\" \/>\n<meta name=\"twitter:label1\" content=\"Est. reading time\" \/>\n\t<meta name=\"twitter:data1\" content=\"4 minutes\" \/>\n<script type=\"application\/ld+json\" class=\"yoast-schema-graph\">{\"@context\":\"https:\/\/schema.org\",\"@graph\":[{\"@type\":\"WebPage\",\"@id\":\"https:\/\/lepsa.com\/montaje-e-instalacion-de-tanques-y-tuberias-en-prfv\/\",\"url\":\"https:\/\/lepsa.com\/montaje-e-instalacion-de-tanques-y-tuberias-en-prfv\/\",\"name\":\"Instalaci\u00f3n de tanques y tuber\u00eda en fibra de vidrio | Lepsa\",\"isPartOf\":{\"@id\":\"https:\/\/lepsa.com\/#website\"},\"primaryImageOfPage\":{\"@id\":\"https:\/\/lepsa.com\/montaje-e-instalacion-de-tanques-y-tuberias-en-prfv\/#primaryimage\"},\"image\":{\"@id\":\"https:\/\/lepsa.com\/montaje-e-instalacion-de-tanques-y-tuberias-en-prfv\/#primaryimage\"},\"thumbnailUrl\":\"https:\/\/lepsa.com\/wp-content\/uploads\/2021\/01\/montaje_1-550x400.jpg\",\"datePublished\":\"2021-01-18T19:22:54+00:00\",\"dateModified\":\"2022-03-10T22:31:34+00:00\",\"description\":\"Contamos con un departamento de operaciones multidisciplinario, el cual dirige, supervisa y ejecuta las obras en terreno.\",\"breadcrumb\":{\"@id\":\"https:\/\/lepsa.com\/montaje-e-instalacion-de-tanques-y-tuberias-en-prfv\/#breadcrumb\"},\"inLanguage\":\"en-US\",\"potentialAction\":[{\"@type\":\"ReadAction\",\"target\":[\"https:\/\/lepsa.com\/montaje-e-instalacion-de-tanques-y-tuberias-en-prfv\/\"]}]},{\"@type\":\"ImageObject\",\"inLanguage\":\"en-US\",\"@id\":\"https:\/\/lepsa.com\/montaje-e-instalacion-de-tanques-y-tuberias-en-prfv\/#primaryimage\",\"url\":\"https:\/\/lepsa.com\/wp-content\/uploads\/2021\/01\/montaje_1-550x400.jpg\",\"contentUrl\":\"https:\/\/lepsa.com\/wp-content\/uploads\/2021\/01\/montaje_1-550x400.jpg\"},{\"@type\":\"BreadcrumbList\",\"@id\":\"https:\/\/lepsa.com\/montaje-e-instalacion-de-tanques-y-tuberias-en-prfv\/#breadcrumb\",\"itemListElement\":[{\"@type\":\"ListItem\",\"position\":1,\"name\":\"Portada\",\"item\":\"https:\/\/lepsa.com\/\"},{\"@type\":\"ListItem\",\"position\":2,\"name\":\"Montaje e instalaci\u00f3n de tanques y tuber\u00edas en PRFV\"}]},{\"@type\":\"WebSite\",\"@id\":\"https:\/\/lepsa.com\/#website\",\"url\":\"https:\/\/lepsa.com\/\",\"name\":\"LEPSA\",\"description\":\"Soluciones integrales para la industria y miner\u00eda\",\"publisher\":{\"@id\":\"https:\/\/lepsa.com\/#organization\"},\"potentialAction\":[{\"@type\":\"SearchAction\",\"target\":{\"@type\":\"EntryPoint\",\"urlTemplate\":\"https:\/\/lepsa.com\/?s={search_term_string}\"},\"query-input\":{\"@type\":\"PropertyValueSpecification\",\"valueRequired\":true,\"valueName\":\"search_term_string\"}}],\"inLanguage\":\"en-US\"},{\"@type\":\"Organization\",\"@id\":\"https:\/\/lepsa.com\/#organization\",\"name\":\"LEPSA\",\"url\":\"https:\/\/lepsa.com\/\",\"logo\":{\"@type\":\"ImageObject\",\"inLanguage\":\"en-US\",\"@id\":\"https:\/\/lepsa.com\/#\/schema\/logo\/image\/\",\"url\":\"https:\/\/lepsa.com\/wp-content\/uploads\/2021\/01\/lepsa.jpg\",\"contentUrl\":\"https:\/\/lepsa.com\/wp-content\/uploads\/2021\/01\/lepsa.jpg\",\"width\":725,\"height\":297,\"caption\":\"LEPSA\"},\"image\":{\"@id\":\"https:\/\/lepsa.com\/#\/schema\/logo\/image\/\"},\"sameAs\":[\"https:\/\/www.linkedin.com\/company\/lepsa-s-a-c\"]}]}<\/script>\n<!-- \/ Yoast SEO plugin. -->","yoast_head_json":{"title":"Instalaci\u00f3n de tanques y tuber\u00eda en fibra de vidrio | Lepsa","description":"Contamos con un departamento de operaciones multidisciplinario, el cual dirige, supervisa y ejecuta las obras en terreno.","robots":{"index":"index","follow":"follow","max-snippet":"max-snippet:-1","max-image-preview":"max-image-preview:large","max-video-preview":"max-video-preview:-1"},"canonical":"https:\/\/lepsa.com\/en\/montaje-e-instalacion-de-tanques-y-tuberias-en-prfv\/","og_locale":"en_US","og_type":"article","og_title":"Instalaci\u00f3n de tanques y tuber\u00eda en fibra de vidrio | Lepsa","og_description":"Contamos con un departamento de operaciones multidisciplinario, el cual dirige, supervisa y ejecuta las obras en terreno.","og_url":"https:\/\/lepsa.com\/en\/montaje-e-instalacion-de-tanques-y-tuberias-en-prfv\/","og_site_name":"LEPSA","article_modified_time":"2022-03-10T22:31:34+00:00","og_image":[{"url":"https:\/\/lepsa.com\/wp-content\/uploads\/2021\/01\/montaje_1-550x400.jpg","type":"","width":"","height":""}],"twitter_card":"summary_large_image","twitter_misc":{"Est. reading time":"4 minutes"},"schema":{"@context":"https:\/\/schema.org","@graph":[{"@type":"WebPage","@id":"https:\/\/lepsa.com\/montaje-e-instalacion-de-tanques-y-tuberias-en-prfv\/","url":"https:\/\/lepsa.com\/montaje-e-instalacion-de-tanques-y-tuberias-en-prfv\/","name":"Instalaci\u00f3n de tanques y tuber\u00eda en fibra de vidrio | Lepsa","isPartOf":{"@id":"https:\/\/lepsa.com\/#website"},"primaryImageOfPage":{"@id":"https:\/\/lepsa.com\/montaje-e-instalacion-de-tanques-y-tuberias-en-prfv\/#primaryimage"},"image":{"@id":"https:\/\/lepsa.com\/montaje-e-instalacion-de-tanques-y-tuberias-en-prfv\/#primaryimage"},"thumbnailUrl":"https:\/\/lepsa.com\/wp-content\/uploads\/2021\/01\/montaje_1-550x400.jpg","datePublished":"2021-01-18T19:22:54+00:00","dateModified":"2022-03-10T22:31:34+00:00","description":"Contamos con un departamento de operaciones multidisciplinario, el cual dirige, supervisa y ejecuta las obras en terreno.","breadcrumb":{"@id":"https:\/\/lepsa.com\/montaje-e-instalacion-de-tanques-y-tuberias-en-prfv\/#breadcrumb"},"inLanguage":"en-US","potentialAction":[{"@type":"ReadAction","target":["https:\/\/lepsa.com\/montaje-e-instalacion-de-tanques-y-tuberias-en-prfv\/"]}]},{"@type":"ImageObject","inLanguage":"en-US","@id":"https:\/\/lepsa.com\/montaje-e-instalacion-de-tanques-y-tuberias-en-prfv\/#primaryimage","url":"https:\/\/lepsa.com\/wp-content\/uploads\/2021\/01\/montaje_1-550x400.jpg","contentUrl":"https:\/\/lepsa.com\/wp-content\/uploads\/2021\/01\/montaje_1-550x400.jpg"},{"@type":"BreadcrumbList","@id":"https:\/\/lepsa.com\/montaje-e-instalacion-de-tanques-y-tuberias-en-prfv\/#breadcrumb","itemListElement":[{"@type":"ListItem","position":1,"name":"Portada","item":"https:\/\/lepsa.com\/"},{"@type":"ListItem","position":2,"name":"Montaje e instalaci\u00f3n de tanques y tuber\u00edas en PRFV"}]},{"@type":"WebSite","@id":"https:\/\/lepsa.com\/#website","url":"https:\/\/lepsa.com\/","name":"LEPSA","description":"Soluciones integrales para la industria y miner\u00eda","publisher":{"@id":"https:\/\/lepsa.com\/#organization"},"potentialAction":[{"@type":"SearchAction","target":{"@type":"EntryPoint","urlTemplate":"https:\/\/lepsa.com\/?s={search_term_string}"},"query-input":{"@type":"PropertyValueSpecification","valueRequired":true,"valueName":"search_term_string"}}],"inLanguage":"en-US"},{"@type":"Organization","@id":"https:\/\/lepsa.com\/#organization","name":"LEPSA","url":"https:\/\/lepsa.com\/","logo":{"@type":"ImageObject","inLanguage":"en-US","@id":"https:\/\/lepsa.com\/#\/schema\/logo\/image\/","url":"https:\/\/lepsa.com\/wp-content\/uploads\/2021\/01\/lepsa.jpg","contentUrl":"https:\/\/lepsa.com\/wp-content\/uploads\/2021\/01\/lepsa.jpg","width":725,"height":297,"caption":"LEPSA"},"image":{"@id":"https:\/\/lepsa.com\/#\/schema\/logo\/image\/"},"sameAs":["https:\/\/www.linkedin.com\/company\/lepsa-s-a-c"]}]}},"_links":{"self":[{"href":"https:\/\/lepsa.com\/en\/wp-json\/wp\/v2\/pages\/773","targetHints":{"allow":["GET"]}}],"collection":[{"href":"https:\/\/lepsa.com\/en\/wp-json\/wp\/v2\/pages"}],"about":[{"href":"https:\/\/lepsa.com\/en\/wp-json\/wp\/v2\/types\/page"}],"author":[{"embeddable":true,"href":"https:\/\/lepsa.com\/en\/wp-json\/wp\/v2\/users\/1"}],"replies":[{"embeddable":true,"href":"https:\/\/lepsa.com\/en\/wp-json\/wp\/v2\/comments?post=773"}],"version-history":[{"count":14,"href":"https:\/\/lepsa.com\/en\/wp-json\/wp\/v2\/pages\/773\/revisions"}],"predecessor-version":[{"id":4082,"href":"https:\/\/lepsa.com\/en\/wp-json\/wp\/v2\/pages\/773\/revisions\/4082"}],"wp:attachment":[{"href":"https:\/\/lepsa.com\/en\/wp-json\/wp\/v2\/media?parent=773"}],"curies":[{"name":"wp","href":"https:\/\/api.w.org\/{rel}","templated":true}]}}