{"id":5442,"date":"2024-01-03T15:09:15","date_gmt":"2024-01-03T20:09:15","guid":{"rendered":"https:\/\/lepsa.com\/?page_id=5442"},"modified":"2024-01-03T15:14:59","modified_gmt":"2024-01-03T20:14:59","slug":"denuncia-de-soborno","status":"publish","type":"page","link":"https:\/\/lepsa.com\/en\/denuncia-de-soborno\/","title":{"rendered":"Denuncia de soborno"},"content":{"rendered":"<div data-elementor-type=\"wp-page\" data-elementor-id=\"5442\" class=\"elementor elementor-5442\" data-elementor-post-type=\"page\">\n\t\t\t\t\t\t<section class=\"elementor-section elementor-top-section elementor-element elementor-element-633344d elementor-section-boxed elementor-section-height-default elementor-section-height-default\" data-id=\"633344d\" data-element_type=\"section\">\n\t\t\t\t\t\t<div class=\"elementor-container elementor-column-gap-default\">\n\t\t\t\t\t<div class=\"elementor-column elementor-col-100 elementor-top-column elementor-element elementor-element-113dfa6\" data-id=\"113dfa6\" data-element_type=\"column\">\n\t\t\t<div class=\"elementor-widget-wrap elementor-element-populated\">\n\t\t\t\t\t\t<div class=\"elementor-element elementor-element-56155e7 elementor-widget elementor-widget-text-editor\" data-id=\"56155e7\" data-element_type=\"widget\" data-widget_type=\"text-editor.default\">\n\t\t\t\t\t\t\t\t\t<p>\n\t\t<!-- MasterSlider -->\n\t\t<div id=\"P_MS69ed45da3f813\" class=\"master-slider-parent msl ms-parent-id-3\" style=\"\">\n\n\t\t\t\n\t\t\t<!-- MasterSlider Main -->\n\t\t\t<div id=\"MS69ed45da3f813\" class=\"master-slider ms-skin-light-3\" >\n\t\t\t\t \t\t\t\t \n\t\t\t\t<div  class=\"ms-slide\" data-delay=\"6\" data-fill-mode=\"fill\"  >\n\t\t\t\t\t<img decoding=\"async\" src=\"https:\/\/lepsa.com\/wp-content\/plugins\/master-slider\/public\/assets\/css\/blank.gif\" alt=\"\" title=\"\" data-src=\"https:\/\/lepsa.com\/wp-content\/uploads\/2021\/01\/01-1.jpg\" \/>\n\n\n\t<div class=\"ms-thumb\" ><div class=\"ms-tab-context\"><div class=\"&quot;ms-tab-context&quot;\"><\/div><\/div>\n<\/div>\n\t\t\t\t<\/div>\n\t\t\t\t<div  class=\"ms-slide\" data-delay=\"6\" data-fill-mode=\"fill\"  >\n\t\t\t\t\t<img decoding=\"async\" src=\"https:\/\/lepsa.com\/wp-content\/plugins\/master-slider\/public\/assets\/css\/blank.gif\" alt=\"\" title=\"\" data-src=\"https:\/\/lepsa.com\/wp-content\/uploads\/2021\/01\/total_header_3.jpg\" \/>\n\n\n\t<div class=\"ms-thumb\" ><div class=\"ms-tab-context\"><div class=\"&quot;ms-tab-context&quot;\"><\/div><\/div>\n<\/div>\n\t\t\t\t<\/div>\n\t\t\t\t<div  class=\"ms-slide\" data-delay=\"6\" data-fill-mode=\"fill\"  >\n\t\t\t\t\t<img decoding=\"async\" src=\"https:\/\/lepsa.com\/wp-content\/plugins\/master-slider\/public\/assets\/css\/blank.gif\" alt=\"\" title=\"\" data-src=\"https:\/\/lepsa.com\/wp-content\/uploads\/2021\/01\/03-1.jpg\" \/>\n\n\n\t<div class=\"ms-thumb\" ><div class=\"ms-tab-context\"><div class=\"&quot;ms-tab-context&quot;\"><\/div><\/div>\n<\/div>\n\t\t\t\t<\/div>\n\t\t\t\t<div  class=\"ms-slide\" data-delay=\"6\" data-fill-mode=\"fill\"  >\n\t\t\t\t\t<img decoding=\"async\" src=\"https:\/\/lepsa.com\/wp-content\/plugins\/master-slider\/public\/assets\/css\/blank.gif\" alt=\"\" title=\"\" data-src=\"https:\/\/lepsa.com\/wp-content\/uploads\/2021\/01\/04-1-scaled.jpg\" \/>\n\n\n\t<div class=\"ms-thumb\" ><div class=\"ms-tab-context\"><div class=\"&quot;ms-tab-context&quot;\"><\/div><\/div>\n<\/div>\n\t\t\t\t<\/div>\n\t\t\t\t<div  class=\"ms-slide\" data-delay=\"6\" data-fill-mode=\"fill\"  >\n\t\t\t\t\t<img decoding=\"async\" src=\"https:\/\/lepsa.com\/wp-content\/plugins\/master-slider\/public\/assets\/css\/blank.gif\" alt=\"\" title=\"\" data-src=\"https:\/\/lepsa.com\/wp-content\/uploads\/2021\/01\/05-1.jpg\" \/>\n\n\n\t<div class=\"ms-thumb\" ><div class=\"ms-tab-context\"><div class=\"&quot;ms-tab-context&quot;\"><\/div><\/div>\n<\/div>\n\t\t\t\t<\/div>\n\t\t\t\t<div  class=\"ms-slide\" data-delay=\"6\" data-fill-mode=\"fill\"  >\n\t\t\t\t\t<img decoding=\"async\" src=\"https:\/\/lepsa.com\/wp-content\/plugins\/master-slider\/public\/assets\/css\/blank.gif\" alt=\"\" title=\"\" data-src=\"https:\/\/lepsa.com\/wp-content\/uploads\/2021\/01\/06-1.jpg\" \/>\n\n\n\t<div class=\"ms-thumb\" ><div class=\"ms-tab-context\"><div class=\"&quot;ms-tab-context&quot;\"><\/div><\/div>\n<\/div>\n\t\t\t\t<\/div>\n\n\t\t\t<\/div>\n\t\t\t<!-- END MasterSlider Main -->\n\n\t\t\t \n\t\t<\/div>\n\t\t<!-- END MasterSlider -->\n\n\t\t<script>\n\t\t(function ( $ ) {\n\t\t\t\"use strict\";\n\n\t\t\t$(function () {\n\t\t\t\tvar masterslider_f813 = new MasterSlider();\n\n\t\t\t\t\/\/ slider controls\n\n\t\t\t\t\/\/ slider setup\n\t\t\t\tmasterslider_f813.setup(\"MS69ed45da3f813\", {\n\t\t\t\t\t\twidth           : 800,\n\t\t\t\t\t\theight          : 300,\n\t\t\t\t\t\tminHeight       : 0,\n\t\t\t\t\t\tspace           : 0,\n\t\t\t\t\t\tstart           : 1,\n\t\t\t\t\t\tgrabCursor      : false,\n\t\t\t\t\t\tswipe           : false,\n\t\t\t\t\t\tmouse           : false,\n\t\t\t\t\t\tlayout          : \"fullwidth\",\n\t\t\t\t\t\twheel           : false,\n\t\t\t\t\t\tautoplay        : true,\n\t\t\t\t\t\tinstantStartLayers:false,\n\t\t\t\t\t\tloop            : true,\n\t\t\t\t\t\tshuffle         : true,\n\t\t\t\t\t\tpreload         : 0,\n\t\t\t\t\t\theightLimit     : true,\n\t\t\t\t\t\tautoHeight      : false,\n\t\t\t\t\t\tsmoothHeight    : true,\n\t\t\t\t\t\tendPause        : false,\n\t\t\t\t\t\toverPause       : false,\n\t\t\t\t\t\tfillMode        : \"fill\",\n\t\t\t\t\t\tcenterControls  : true,\n\t\t\t\t\t\tstartOnAppear   : false,\n\t\t\t\t\t\tlayersMode      : \"center\",\n\t\t\t\t\t\thideLayers      : false,\n\t\t\t\t\t\tfullscreenMargin: 0,\n\t\t\t\t\t\tspeed           : 20,\n\t\t\t\t\t\tdir             : \"h\",\n\t\t\t\t\t\tparallaxMode    : 'swipe',\n\t\t\t\t\t\tview            : \"basic\"\n\t\t\t\t});\n\n\t\t\t\t\n\t\t\t\twindow.masterslider_instances = window.masterslider_instances || [];\n\t\t\t\twindow.masterslider_instances.push( masterslider_f813 );\n\t\t\t });\n\n\t\t})(jQuery);\n\t\t<\/script>\n\n<\/p>\t\t\t\t\t\t\t\t<\/div>\n\t\t\t\t<div class=\"elementor-element elementor-element-40273e5 elementor-widget elementor-widget-heading\" data-id=\"40273e5\" data-element_type=\"widget\" data-widget_type=\"heading.default\">\n\t\t\t\t\t<h1 class=\"elementor-heading-title elementor-size-large\">Denuncia de soborno<\/h1>\t\t\t\t<\/div>\n\t\t\t\t<div class=\"elementor-element elementor-element-5312348 elementor-widget elementor-widget-text-editor\" data-id=\"5312348\" data-element_type=\"widget\" data-widget_type=\"text-editor.default\">\n\t\t\t\t\t\t\t\t\t<p>Contamos con tu apoyo. Es necesario evidenciar las pruebas para esta denuncia<\/p>\t\t\t\t\t\t\t\t<\/div>\n\t\t\t\t<section class=\"elementor-section elementor-inner-section elementor-element elementor-element-eb308d9 elementor-section-boxed elementor-section-height-default elementor-section-height-default\" data-id=\"eb308d9\" data-element_type=\"section\">\n\t\t\t\t\t\t<div class=\"elementor-container elementor-column-gap-default\">\n\t\t\t\t\t<div class=\"elementor-column elementor-col-100 elementor-inner-column elementor-element elementor-element-d3b45d8\" data-id=\"d3b45d8\" data-element_type=\"column\">\n\t\t\t<div class=\"elementor-widget-wrap elementor-element-populated\">\n\t\t\t\t\t\t<div class=\"elementor-element elementor-element-12e87a5 elementor-widget elementor-widget-text-editor\" data-id=\"12e87a5\" data-element_type=\"widget\" data-widget_type=\"text-editor.default\">\n\t\t\t\t\t\t\t\t\t<p style=\"text-align: center;\">\n<div class=\"wpcf7 no-js\" id=\"wpcf7-f5447-o1\" lang=\"es-ES\" dir=\"ltr\" data-wpcf7-id=\"5447\">\n<div class=\"screen-reader-response\"><p role=\"status\" aria-live=\"polite\" aria-atomic=\"true\"><\/p> <ul><\/ul><\/div>\n<form action=\"\/en\/wp-json\/wp\/v2\/pages\/5442#wpcf7-f5447-o1\" method=\"post\" class=\"wpcf7-form init\" aria-label=\"Formulario de contacto\" enctype=\"multipart\/form-data\" novalidate=\"novalidate\" data-status=\"init\" data-trp-original-action=\"\/en\/wp-json\/wp\/v2\/pages\/5442#wpcf7-f5447-o1\">\n<fieldset class=\"hidden-fields-container\"><input type=\"hidden\" name=\"_wpcf7\" value=\"5447\" \/><input type=\"hidden\" name=\"_wpcf7_version\" value=\"6.1.4\" \/><input type=\"hidden\" name=\"_wpcf7_locale\" value=\"es_ES\" \/><input type=\"hidden\" name=\"_wpcf7_unit_tag\" value=\"wpcf7-f5447-o1\" \/><input type=\"hidden\" name=\"_wpcf7_container_post\" value=\"0\" \/><input type=\"hidden\" name=\"_wpcf7_posted_data_hash\" value=\"\" \/><input type=\"hidden\" name=\"_wpcf7_recaptcha_response\" value=\"\" \/>\n<\/fieldset>\n<p>1.- Indique que acto de soborno, corrupci\u00f3n denuncia<br \/>\n<span class=\"wpcf7-form-control-wrap\" data-name=\"your-subject\"><input size=\"40\" maxlength=\"400\" class=\"wpcf7-form-control wpcf7-text wpcf7-validates-as-required\" aria-required=\"true\" aria-invalid=\"false\" value=\"\" type=\"text\" name=\"your-subject\" \/><\/span>\n<\/p>\n<p>2.- Datos del denunciado<br \/>\na. Datos (Apellidos y nombres):<br \/>\n<span class=\"wpcf7-form-control-wrap\" data-name=\"your-denunciadoname\"><input size=\"40\" maxlength=\"400\" class=\"wpcf7-form-control wpcf7-text wpcf7-validates-as-required\" aria-required=\"true\" aria-invalid=\"false\" value=\"\" type=\"text\" name=\"your-denunciadoname\" \/><\/span><br \/>\nb. \u00c1rea que desempe\u00f1a o cargo:<br \/>\n<span class=\"wpcf7-form-control-wrap\" data-name=\"your-cargoname\"><input size=\"40\" maxlength=\"400\" class=\"wpcf7-form-control wpcf7-text wpcf7-validates-as-required\" aria-required=\"true\" aria-invalid=\"false\" value=\"\" type=\"text\" name=\"your-cargoname\" \/><\/span>\n<\/p>\n<p>3.- Fecha en que se detect\u00f3 los hechos:<br \/>\n<span class=\"wpcf7-form-control-wrap\" data-name=\"your-fechaname\"><input size=\"40\" maxlength=\"400\" class=\"wpcf7-form-control wpcf7-text wpcf7-validates-as-required\" aria-required=\"true\" aria-invalid=\"false\" value=\"\" type=\"text\" name=\"your-fechaname\" \/><\/span>\n<\/p>\n<p>4.- Relate en sus propias palabras la irregularidad detectada, presunto acto de soborno \/ corrupci\u00f3n o falta \u00e9tica. Por favor sea lo m\u00e1s expl\u00edcito posible. Recomendamos detallar \u00bfqu\u00e9 ocurri\u00f3?, \u00bfc\u00f3mo ocurri\u00f3?; \u00bfcu\u00e1ndo ocurri\u00f3?, \u00bfd\u00f3nde ocurri\u00f3?; \u00bfqui\u00e9n lo hizo?; \u00bfcon qui\u00e9n?:<br \/>\n<span class=\"wpcf7-form-control-wrap\" data-name=\"your-relatoname\"><textarea cols=\"40\" rows=\"10\" maxlength=\"2000\" class=\"wpcf7-form-control wpcf7-textarea wpcf7-validates-as-required\" aria-required=\"true\" aria-invalid=\"false\" name=\"your-relatoname\"><\/textarea><\/span>\n<\/p>\n<p>5.- Adjunte las pruebas sustentatorias de la denuncia impuesta: Imagen, video, audio, etc. El tama\u00f1o m\u00e1ximo de archivo es de 10MB.<br \/>\n<span class=\"wpcf7-form-control-wrap\" data-name=\"file-102\"><input size=\"40\" class=\"wpcf7-form-control wpcf7-file wpcf7-validates-as-required\" accept=\"audio\/*,video\/*,image\/*\" aria-required=\"true\" aria-invalid=\"false\" type=\"file\" name=\"file-102\" \/><\/span>\n<\/p>\n<p>6.- Informaci\u00f3n del denunciante:<br \/>\nNombre y Apellidos<br \/>\n<span class=\"wpcf7-form-control-wrap\" data-name=\"your-name\"><input size=\"40\" maxlength=\"400\" class=\"wpcf7-form-control wpcf7-text wpcf7-validates-as-required\" aria-required=\"true\" aria-invalid=\"false\" value=\"\" type=\"text\" name=\"your-name\" \/><\/span>\n<\/p>\n<p>N\u00famero de documento de identidad<br \/>\n<span class=\"wpcf7-form-control-wrap\" data-name=\"your-dni\"><input size=\"40\" maxlength=\"400\" class=\"wpcf7-form-control wpcf7-text wpcf7-validates-as-required\" aria-required=\"true\" aria-invalid=\"false\" value=\"\" type=\"text\" name=\"your-dni\" \/><\/span>\n<\/p>\n<p>Correo electr\u00f3nico<br \/>\n<span class=\"wpcf7-form-control-wrap\" data-name=\"your-email\"><input size=\"40\" maxlength=\"400\" class=\"wpcf7-form-control wpcf7-email wpcf7-validates-as-required wpcf7-text wpcf7-validates-as-email\" autocomplete=\"email\" aria-required=\"true\" aria-invalid=\"false\" value=\"\" type=\"email\" name=\"your-email\" \/><\/span>\n<\/p>\n<p>\u00bfDeseas que la denuncia sea an\u00f3nima?<br \/>\n<span class=\"wpcf7-form-control-wrap\" data-name=\"radio-970\"><span class=\"wpcf7-form-control wpcf7-radio\"><span class=\"wpcf7-list-item first\"><label><input type=\"radio\" name=\"radio-970\" value=\"Si\" \/><span class=\"wpcf7-list-item-label\">Si<\/span><\/label><\/span><span class=\"wpcf7-list-item last\"><label><input type=\"radio\" name=\"radio-970\" value=\"No\" checked=\"checked\" \/><span class=\"wpcf7-list-item-label\">No<\/span><\/label><\/span><\/span><\/span>\n<\/p>\n<p>En conformidad con lo estipulado en el como trabajamos que establece medidas de protecci\u00f3n para el denunciante de actos de soborno y sanciona las denuncias realizadas de mala fe, manifiesto permanecer a disposici\u00f3n de la entidad, a fin de brindar aclaraciones que hagan falta o proveer mayor informaci\u00f3n sobre las irregularidades motivo de la denuncia.<br \/>\n<span class=\"wpcf7-form-control-wrap\" data-name=\"checkbox-698\"><span class=\"wpcf7-form-control wpcf7-checkbox wpcf7-validates-as-required\"><span class=\"wpcf7-list-item first\"><label><input type=\"checkbox\" name=\"checkbox-698[]\" value=\"Si\" \/><span class=\"wpcf7-list-item-label\">Si<\/span><\/label><\/span><span class=\"wpcf7-list-item last\"><label><input type=\"checkbox\" name=\"checkbox-698[]\" value=\"No\" \/><span class=\"wpcf7-list-item-label\">No<\/span><\/label><\/span><\/span><\/span>\n<\/p>\n<p><input class=\"wpcf7-form-control wpcf7-submit has-spinner\" type=\"submit\" value=\"Send\" \/>\n<\/p><div class=\"wpcf7-response-output\" aria-hidden=\"true\"><\/div>\n<input type=\"hidden\" name=\"trp-form-language\" value=\"en\"\/><\/form>\n<\/div>\n<\/p>\t\t\t\t\t\t\t\t<\/div>\n\t\t\t\t\t<\/div>\n\t\t<\/div>\n\t\t\t\t\t<\/div>\n\t\t<\/section>\n\t\t\t\t\t<\/div>\n\t\t<\/div>\n\t\t\t\t\t<\/div>\n\t\t<\/section>\n\t\t\t\t<section class=\"elementor-section elementor-top-section elementor-element elementor-element-8e3f13b elementor-section-full_width elementor-section-stretched elementor-section-height-default elementor-section-height-default\" data-id=\"8e3f13b\" data-element_type=\"section\" data-settings=\"{&quot;stretch_section&quot;:&quot;section-stretched&quot;}\">\n\t\t\t\t\t\t<div class=\"elementor-container elementor-column-gap-default\">\n\t\t\t\t\t<div class=\"elementor-column elementor-col-100 elementor-top-column elementor-element elementor-element-075d72e\" data-id=\"075d72e\" data-element_type=\"column\">\n\t\t\t<div class=\"elementor-widget-wrap elementor-element-populated\">\n\t\t\t\t\t\t<div class=\"elementor-element elementor-element-4076639 elementor-widget elementor-widget-html\" data-id=\"4076639\" data-element_type=\"widget\" data-widget_type=\"html.default\">\n\t\t\t\t\t<iframe data-src=\"https:\/\/www.google.com\/maps\/embed?pb=!1m18!1m12!1m3!1d3898.268621009893!2d-76.8472865852516!3d-12.297688391300504!2m3!1f0!2f0!3f0!3m2!1i1024!2i768!4f13.1!3m3!1m2!1s0x9105bd4b99d69df3%3A0xac9e05ac438556cd!2sCalle+Las+Gardenias%2C+Lur%C3%ADn!5e0!3m2!1ses-419!2spe!4v1550697640978\" width=\"600\" height=\"450\" frameborder=\"0\" style=\"border:0\" allowfullscreen src=\"data:image\/svg+xml;base64,PHN2ZyB3aWR0aD0iMSIgaGVpZ2h0PSIxIiB4bWxucz0iaHR0cDovL3d3dy53My5vcmcvMjAwMC9zdmciPjwvc3ZnPg==\" class=\"lazyload\" data-load-mode=\"1\"><\/iframe>\t\t\t\t<\/div>\n\t\t\t\t\t<\/div>\n\t\t<\/div>\n\t\t\t\t\t<\/div>\n\t\t<\/section>\n\t\t\t\t<\/div>","protected":false},"excerpt":{"rendered":"<p>Denuncia de soborno Contamos con tu apoyo. Es necesario evidenciar las pruebas para esta denuncia<\/p>","protected":false},"author":1,"featured_media":0,"parent":0,"menu_order":0,"comment_status":"closed","ping_status":"closed","template":"elementor_header_footer","meta":{"footnotes":""},"class_list":["post-5442","page","type-page","status-publish","hentry"],"yoast_head":"<!-- This site is optimized with the Yoast SEO plugin v26.4 - https:\/\/yoast.com\/wordpress\/plugins\/seo\/ -->\n<title>Cont\u00e1ctanos | Cotiza servicios y productos PRFV | Lepsa<\/title>\n<meta name=\"description\" content=\"Br\u00edndenos sus datos para contactarnos pronto y atender sus dudas y\/o requerimientos de equipos y productos en fibra de vidrio.\" \/>\n<meta name=\"robots\" content=\"index, follow, max-snippet:-1, max-image-preview:large, max-video-preview:-1\" \/>\n<link rel=\"canonical\" href=\"https:\/\/lepsa.com\/en\/denuncia-de-soborno\/\" \/>\n<meta property=\"og:locale\" content=\"en_US\" \/>\n<meta property=\"og:type\" content=\"article\" \/>\n<meta property=\"og:title\" content=\"Cont\u00e1ctanos | Cotiza servicios y productos PRFV | Lepsa\" \/>\n<meta property=\"og:description\" content=\"Br\u00edndenos sus datos para contactarnos pronto y atender sus dudas y\/o requerimientos de equipos y productos en fibra de vidrio.\" \/>\n<meta property=\"og:url\" content=\"https:\/\/lepsa.com\/en\/denuncia-de-soborno\/\" \/>\n<meta property=\"og:site_name\" content=\"LEPSA\" \/>\n<meta property=\"article:modified_time\" content=\"2024-01-03T20:14:59+00:00\" \/>\n<meta name=\"twitter:card\" content=\"summary_large_image\" \/>\n<meta name=\"twitter:label1\" content=\"Est. reading time\" \/>\n\t<meta name=\"twitter:data1\" content=\"2 minutes\" \/>\n<script type=\"application\/ld+json\" class=\"yoast-schema-graph\">{\"@context\":\"https:\/\/schema.org\",\"@graph\":[{\"@type\":\"WebPage\",\"@id\":\"https:\/\/lepsa.com\/denuncia-de-soborno\/\",\"url\":\"https:\/\/lepsa.com\/denuncia-de-soborno\/\",\"name\":\"Cont\u00e1ctanos | Cotiza servicios y productos PRFV | Lepsa\",\"isPartOf\":{\"@id\":\"https:\/\/lepsa.com\/#website\"},\"datePublished\":\"2024-01-03T20:09:15+00:00\",\"dateModified\":\"2024-01-03T20:14:59+00:00\",\"description\":\"Br\u00edndenos sus datos para contactarnos pronto y atender sus dudas y\/o requerimientos de equipos y productos en fibra de vidrio.\",\"breadcrumb\":{\"@id\":\"https:\/\/lepsa.com\/denuncia-de-soborno\/#breadcrumb\"},\"inLanguage\":\"en-US\",\"potentialAction\":[{\"@type\":\"ReadAction\",\"target\":[\"https:\/\/lepsa.com\/denuncia-de-soborno\/\"]}]},{\"@type\":\"BreadcrumbList\",\"@id\":\"https:\/\/lepsa.com\/denuncia-de-soborno\/#breadcrumb\",\"itemListElement\":[{\"@type\":\"ListItem\",\"position\":1,\"name\":\"Portada\",\"item\":\"https:\/\/lepsa.com\/\"},{\"@type\":\"ListItem\",\"position\":2,\"name\":\"Denuncia de soborno\"}]},{\"@type\":\"WebSite\",\"@id\":\"https:\/\/lepsa.com\/#website\",\"url\":\"https:\/\/lepsa.com\/\",\"name\":\"LEPSA\",\"description\":\"Soluciones integrales para la industria y miner\u00eda\",\"publisher\":{\"@id\":\"https:\/\/lepsa.com\/#organization\"},\"potentialAction\":[{\"@type\":\"SearchAction\",\"target\":{\"@type\":\"EntryPoint\",\"urlTemplate\":\"https:\/\/lepsa.com\/?s={search_term_string}\"},\"query-input\":{\"@type\":\"PropertyValueSpecification\",\"valueRequired\":true,\"valueName\":\"search_term_string\"}}],\"inLanguage\":\"en-US\"},{\"@type\":\"Organization\",\"@id\":\"https:\/\/lepsa.com\/#organization\",\"name\":\"LEPSA\",\"url\":\"https:\/\/lepsa.com\/\",\"logo\":{\"@type\":\"ImageObject\",\"inLanguage\":\"en-US\",\"@id\":\"https:\/\/lepsa.com\/#\/schema\/logo\/image\/\",\"url\":\"https:\/\/lepsa.com\/wp-content\/uploads\/2021\/01\/lepsa.jpg\",\"contentUrl\":\"https:\/\/lepsa.com\/wp-content\/uploads\/2021\/01\/lepsa.jpg\",\"width\":725,\"height\":297,\"caption\":\"LEPSA\"},\"image\":{\"@id\":\"https:\/\/lepsa.com\/#\/schema\/logo\/image\/\"},\"sameAs\":[\"https:\/\/www.linkedin.com\/company\/lepsa-s-a-c\"]}]}<\/script>\n<!-- \/ Yoast SEO plugin. -->","yoast_head_json":{"title":"Cont\u00e1ctanos | Cotiza servicios y productos PRFV | Lepsa","description":"Br\u00edndenos sus datos para contactarnos pronto y atender sus dudas y\/o requerimientos de equipos y productos en fibra de vidrio.","robots":{"index":"index","follow":"follow","max-snippet":"max-snippet:-1","max-image-preview":"max-image-preview:large","max-video-preview":"max-video-preview:-1"},"canonical":"https:\/\/lepsa.com\/en\/denuncia-de-soborno\/","og_locale":"en_US","og_type":"article","og_title":"Cont\u00e1ctanos | Cotiza servicios y productos PRFV | Lepsa","og_description":"Br\u00edndenos sus datos para contactarnos pronto y atender sus dudas y\/o requerimientos de equipos y productos en fibra de vidrio.","og_url":"https:\/\/lepsa.com\/en\/denuncia-de-soborno\/","og_site_name":"LEPSA","article_modified_time":"2024-01-03T20:14:59+00:00","twitter_card":"summary_large_image","twitter_misc":{"Est. reading time":"2 minutes"},"schema":{"@context":"https:\/\/schema.org","@graph":[{"@type":"WebPage","@id":"https:\/\/lepsa.com\/denuncia-de-soborno\/","url":"https:\/\/lepsa.com\/denuncia-de-soborno\/","name":"Cont\u00e1ctanos | Cotiza servicios y productos PRFV | Lepsa","isPartOf":{"@id":"https:\/\/lepsa.com\/#website"},"datePublished":"2024-01-03T20:09:15+00:00","dateModified":"2024-01-03T20:14:59+00:00","description":"Br\u00edndenos sus datos para contactarnos pronto y atender sus dudas y\/o requerimientos de equipos y productos en fibra de vidrio.","breadcrumb":{"@id":"https:\/\/lepsa.com\/denuncia-de-soborno\/#breadcrumb"},"inLanguage":"en-US","potentialAction":[{"@type":"ReadAction","target":["https:\/\/lepsa.com\/denuncia-de-soborno\/"]}]},{"@type":"BreadcrumbList","@id":"https:\/\/lepsa.com\/denuncia-de-soborno\/#breadcrumb","itemListElement":[{"@type":"ListItem","position":1,"name":"Portada","item":"https:\/\/lepsa.com\/"},{"@type":"ListItem","position":2,"name":"Denuncia de soborno"}]},{"@type":"WebSite","@id":"https:\/\/lepsa.com\/#website","url":"https:\/\/lepsa.com\/","name":"LEPSA","description":"Soluciones integrales para la industria y miner\u00eda","publisher":{"@id":"https:\/\/lepsa.com\/#organization"},"potentialAction":[{"@type":"SearchAction","target":{"@type":"EntryPoint","urlTemplate":"https:\/\/lepsa.com\/?s={search_term_string}"},"query-input":{"@type":"PropertyValueSpecification","valueRequired":true,"valueName":"search_term_string"}}],"inLanguage":"en-US"},{"@type":"Organization","@id":"https:\/\/lepsa.com\/#organization","name":"LEPSA","url":"https:\/\/lepsa.com\/","logo":{"@type":"ImageObject","inLanguage":"en-US","@id":"https:\/\/lepsa.com\/#\/schema\/logo\/image\/","url":"https:\/\/lepsa.com\/wp-content\/uploads\/2021\/01\/lepsa.jpg","contentUrl":"https:\/\/lepsa.com\/wp-content\/uploads\/2021\/01\/lepsa.jpg","width":725,"height":297,"caption":"LEPSA"},"image":{"@id":"https:\/\/lepsa.com\/#\/schema\/logo\/image\/"},"sameAs":["https:\/\/www.linkedin.com\/company\/lepsa-s-a-c"]}]}},"_links":{"self":[{"href":"https:\/\/lepsa.com\/en\/wp-json\/wp\/v2\/pages\/5442","targetHints":{"allow":["GET"]}}],"collection":[{"href":"https:\/\/lepsa.com\/en\/wp-json\/wp\/v2\/pages"}],"about":[{"href":"https:\/\/lepsa.com\/en\/wp-json\/wp\/v2\/types\/page"}],"author":[{"embeddable":true,"href":"https:\/\/lepsa.com\/en\/wp-json\/wp\/v2\/users\/1"}],"replies":[{"embeddable":true,"href":"https:\/\/lepsa.com\/en\/wp-json\/wp\/v2\/comments?post=5442"}],"version-history":[{"count":10,"href":"https:\/\/lepsa.com\/en\/wp-json\/wp\/v2\/pages\/5442\/revisions"}],"predecessor-version":[{"id":5453,"href":"https:\/\/lepsa.com\/en\/wp-json\/wp\/v2\/pages\/5442\/revisions\/5453"}],"wp:attachment":[{"href":"https:\/\/lepsa.com\/en\/wp-json\/wp\/v2\/media?parent=5442"}],"curies":[{"name":"wp","href":"https:\/\/api.w.org\/{rel}","templated":true}]}}