{"id":282,"date":"2021-01-09T21:40:01","date_gmt":"2021-01-09T21:40:01","guid":{"rendered":"https:\/\/lepsa.com\/temporal\/?page_id=282"},"modified":"2025-11-21T18:06:59","modified_gmt":"2025-11-21T23:06:59","slug":"alcances","status":"publish","type":"page","link":"https:\/\/lepsa.com\/en\/alcances\/","title":{"rendered":"Applications"},"content":{"rendered":"<div data-elementor-type=\"wp-page\" data-elementor-id=\"282\" class=\"elementor elementor-282\" data-elementor-post-type=\"page\">\n\t\t\t\t<div class=\"elementor-element elementor-element-cccbd1d e-con-full e-flex e-con e-parent\" data-id=\"cccbd1d\" data-element_type=\"container\">\n\t\t\t\t<div class=\"elementor-element elementor-element-bde7cdc elementor-widget elementor-widget-template\" data-id=\"bde7cdc\" data-element_type=\"widget\" data-widget_type=\"template.default\">\n\t\t\t\t<div class=\"elementor-widget-container\">\n\t\t\t\t\t\t\t<div class=\"elementor-template\">\n\t\t\t\t\t<div data-elementor-type=\"container\" data-elementor-id=\"5655\" class=\"elementor elementor-5655\" data-elementor-post-type=\"elementor_library\">\n\t\t\t\t<div class=\"elementor-element elementor-element-7ae30f51 e-flex e-con-boxed e-con e-parent\" data-id=\"7ae30f51\" data-element_type=\"container\" data-settings=\"{&quot;background_background&quot;:&quot;slideshow&quot;,&quot;background_slideshow_gallery&quot;:[{&quot;id&quot;:5635,&quot;url&quot;:&quot;https:\\\/\\\/lepsa.com\\\/wp-content\\\/uploads\\\/2025\\\/11\\\/01-1.jpg&quot;},{&quot;id&quot;:5639,&quot;url&quot;:&quot;https:\\\/\\\/lepsa.com\\\/wp-content\\\/uploads\\\/2025\\\/11\\\/total_header_3.jpg&quot;},{&quot;id&quot;:5641,&quot;url&quot;:&quot;https:\\\/\\\/lepsa.com\\\/wp-content\\\/uploads\\\/2025\\\/11\\\/03-1.jpg&quot;},{&quot;id&quot;:5636,&quot;url&quot;:&quot;https:\\\/\\\/lepsa.com\\\/wp-content\\\/uploads\\\/2025\\\/11\\\/04-1-scaled-1.jpg&quot;},{&quot;id&quot;:5637,&quot;url&quot;:&quot;https:\\\/\\\/lepsa.com\\\/wp-content\\\/uploads\\\/2025\\\/11\\\/05-1.jpg&quot;},{&quot;id&quot;:5638,&quot;url&quot;:&quot;https:\\\/\\\/lepsa.com\\\/wp-content\\\/uploads\\\/2025\\\/11\\\/06-1.jpg&quot;}],&quot;background_slideshow_slide_duration&quot;:3000,&quot;background_slideshow_slide_transition&quot;:&quot;slide_left&quot;,&quot;background_slideshow_loop&quot;:&quot;yes&quot;,&quot;background_slideshow_transition_duration&quot;:500}\">\n\t\t\t\t\t<div class=\"e-con-inner\">\n\t\t\t\t<div class=\"elementor-element elementor-element-61f9b583 elementor-widget elementor-widget-spacer\" data-id=\"61f9b583\" data-element_type=\"widget\" data-widget_type=\"spacer.default\">\n\t\t\t\t\t\t\t<div class=\"elementor-spacer\">\n\t\t\t<div class=\"elementor-spacer-inner\"><\/div>\n\t\t<\/div>\n\t\t\t\t\t\t<\/div>\n\t\t\t\t\t<\/div>\n\t\t\t\t<\/div>\n\t\t\t\t<\/div>\n\t\t\t\t<\/div>\n\t\t\t\t\t\t<\/div>\n\t\t\t\t<\/div>\n\t\t\t\t<\/div>\n\t\t\t\t<section class=\"elementor-section elementor-top-section elementor-element elementor-element-633344d elementor-section-boxed elementor-section-height-default elementor-section-height-default\" data-id=\"633344d\" data-element_type=\"section\">\n\t\t\t\t\t\t<div class=\"elementor-container elementor-column-gap-default\">\n\t\t\t\t\t<div class=\"elementor-column elementor-col-100 elementor-top-column elementor-element elementor-element-113dfa6\" data-id=\"113dfa6\" data-element_type=\"column\">\n\t\t\t<div class=\"elementor-widget-wrap elementor-element-populated\">\n\t\t\t\t\t\t<div class=\"elementor-element elementor-element-40273e5 elementor-widget elementor-widget-heading\" data-id=\"40273e5\" data-element_type=\"widget\" data-widget_type=\"heading.default\">\n\t\t\t\t\t<h1 class=\"elementor-heading-title elementor-size-large\">FRP products and services<\/h1>\t\t\t\t<\/div>\n\t\t\t\t<section class=\"elementor-section elementor-inner-section elementor-element elementor-element-ed738d3 elementor-section-boxed elementor-section-height-default elementor-section-height-default\" data-id=\"ed738d3\" data-element_type=\"section\">\n\t\t\t\t\t\t<div class=\"elementor-container elementor-column-gap-default\">\n\t\t\t\t\t<div class=\"elementor-column elementor-col-50 elementor-inner-column elementor-element elementor-element-cfc4c26\" data-id=\"cfc4c26\" data-element_type=\"column\" data-settings=\"{&quot;background_background&quot;:&quot;classic&quot;}\">\n\t\t\t<div class=\"elementor-widget-wrap elementor-element-populated\">\n\t\t\t\t\t\t<div class=\"elementor-element elementor-element-4e90e0a elementor-widget elementor-widget-image\" data-id=\"4e90e0a\" data-element_type=\"widget\" data-widget_type=\"image.default\">\n\t\t\t\t\t\t\t\t\t\t\t\t\t\t\t<img fetchpriority=\"high\" decoding=\"async\" width=\"271\" height=\"271\" src=\"https:\/\/lepsa.com\/wp-content\/uploads\/2022\/12\/productos-en-fibra-de-vidrio-prfv.png\" class=\"attachment-large size-large wp-image-4439\" alt=\"Vendemos productos como:Tanques de fibra de vidrio, Estanques de grandes di\u00e1metros, Estanques de almacenamiento, reactores y enterrados, Equipos para plantas SX\/EW, Equipos para plantas de \u00e1cido, Tuber\u00edas y accesorios, etc\" srcset=\"https:\/\/lepsa.com\/wp-content\/uploads\/2022\/12\/productos-en-fibra-de-vidrio-prfv.png 271w, https:\/\/lepsa.com\/wp-content\/uploads\/2022\/12\/productos-en-fibra-de-vidrio-prfv-150x150.png 150w, https:\/\/lepsa.com\/wp-content\/uploads\/2022\/12\/productos-en-fibra-de-vidrio-prfv-12x12.png 12w, https:\/\/lepsa.com\/wp-content\/uploads\/2022\/12\/productos-en-fibra-de-vidrio-prfv-230x230.png 230w\" sizes=\"(max-width: 271px) 100vw, 271px\" \/>\t\t\t\t\t\t\t\t\t\t\t\t\t\t\t<\/div>\n\t\t\t\t<div class=\"elementor-element elementor-element-83504cf elementor-widget elementor-widget-heading\" data-id=\"83504cf\" data-element_type=\"widget\" data-widget_type=\"heading.default\">\n\t\t\t\t\t<h2 class=\"elementor-heading-title elementor-size-large\">Products<\/h2>\t\t\t\t<\/div>\n\t\t\t\t<div class=\"elementor-element elementor-element-e4c1dda elementor-widget elementor-widget-text-editor\" data-id=\"e4c1dda\" data-element_type=\"widget\" data-widget_type=\"text-editor.default\">\n\t\t\t\t\t\t\t\t\t<ul><li style=\"text-align: left;\"><a href=\"https:\/\/lepsa.com\/en\/tanques-de-fibra-de-vidrio-prfv\/\" target=\"_blank\" rel=\"noopener\">FRP storage and process tanks<\/a><\/li><li style=\"text-align: left;\"><a href=\"https:\/\/lepsa.com\/en\/temporal\/estanques-de-grandes-diametros\/\">Large diameter tanks &amp; vessels<\/a><\/li><li style=\"text-align: left;\"><a href=\"https:\/\/lepsa.com\/en\/temporal\/estanques-para-almacenamiento-reactores-y-enterrados\/\">Storage tanks, and reactors for aboveground and underground installation<\/a><\/li><li style=\"text-align: left;\"><a href=\"https:\/\/lepsa.com\/en\/equipos-para-plantas-sx-ew\/\">Equipment for SX\/EW refining process<\/a><\/li><li style=\"text-align: left;\"><a href=\"https:\/\/lepsa.com\/en\/equipos-en-fibra-de-vidrio-prfv-para-plantas-de-acido\/\">Equipment for acid plant<\/a><\/li><li style=\"text-align: left;\"><a href=\"https:\/\/lepsa.com\/en\/accesorios-y-tuberias-en-fibra-de-vidrio-prfv\/\">Pipes and fittings<\/a><\/li><li style=\"text-align: left;\"><a href=\"https:\/\/lepsa.com\/en\/temporal\/equipos-en-dual-laminate\/\">Dual laminate equipment<\/a><\/li><li style=\"text-align: left;\"><a href=\"https:\/\/lepsa.com\/en\/tapas-en-fibra-de-vidrio-cobertores-prfv\/\">Segmented covers<\/a><\/li><li style=\"text-align: left;\"><a href=\"https:\/\/lepsa.com\/en\/fabricacion-de-piezas-en-fibra-de-vidrio-prfv\/\">Custom made products<\/a><\/li><\/ul>\t\t\t\t\t\t\t\t<\/div>\n\t\t\t\t\t<\/div>\n\t\t<\/div>\n\t\t\t\t<div class=\"elementor-column elementor-col-50 elementor-inner-column elementor-element elementor-element-5d36ce9\" data-id=\"5d36ce9\" data-element_type=\"column\" data-settings=\"{&quot;background_background&quot;:&quot;classic&quot;}\">\n\t\t\t<div class=\"elementor-widget-wrap elementor-element-populated\">\n\t\t\t\t\t\t<div class=\"elementor-element elementor-element-2a28dcc elementor-widget elementor-widget-image\" data-id=\"2a28dcc\" data-element_type=\"widget\" data-widget_type=\"image.default\">\n\t\t\t\t\t\t\t\t\t\t\t\t\t\t\t<img decoding=\"async\" width=\"271\" height=\"271\" data-src=\"https:\/\/lepsa.com\/wp-content\/uploads\/2022\/12\/servicios-en-fibra-de-vidrio-prfv.png\" class=\"attachment-large size-large wp-image-4434 lazyload\" alt=\"Brindamos servicios como: Dise\u00f1o e ingenier\u00eda, Montaje e instalaci\u00f3n de tanques y tuber\u00edas en PRFV, Fabricaci\u00f3n en terreno y Revestimientos anticorrosivos\" data-srcset=\"https:\/\/lepsa.com\/wp-content\/uploads\/2022\/12\/servicios-en-fibra-de-vidrio-prfv.png 271w, https:\/\/lepsa.com\/wp-content\/uploads\/2022\/12\/servicios-en-fibra-de-vidrio-prfv-150x150.png 150w, https:\/\/lepsa.com\/wp-content\/uploads\/2022\/12\/servicios-en-fibra-de-vidrio-prfv-12x12.png 12w, https:\/\/lepsa.com\/wp-content\/uploads\/2022\/12\/servicios-en-fibra-de-vidrio-prfv-230x230.png 230w\" data-sizes=\"(max-width: 271px) 100vw, 271px\" src=\"data:image\/svg+xml;base64,PHN2ZyB3aWR0aD0iMSIgaGVpZ2h0PSIxIiB4bWxucz0iaHR0cDovL3d3dy53My5vcmcvMjAwMC9zdmciPjwvc3ZnPg==\" style=\"--smush-placeholder-width: 271px; --smush-placeholder-aspect-ratio: 271\/271;\" \/>\t\t\t\t\t\t\t\t\t\t\t\t\t\t\t<\/div>\n\t\t\t\t<div class=\"elementor-element elementor-element-3df13b6 elementor-widget elementor-widget-heading\" data-id=\"3df13b6\" data-element_type=\"widget\" data-widget_type=\"heading.default\">\n\t\t\t\t\t<h2 class=\"elementor-heading-title elementor-size-large\">Services<\/h2>\t\t\t\t<\/div>\n\t\t\t\t<div class=\"elementor-element elementor-element-972be1c elementor-widget elementor-widget-text-editor\" data-id=\"972be1c\" data-element_type=\"widget\" data-widget_type=\"text-editor.default\">\n\t\t\t\t\t\t\t\t\t<ul><li style=\"text-align: left;\"><a href=\"https:\/\/lepsa.com\/en\/ingenieria-diseno-de-equipos-en-fibra-de-vidrio-prfv\/\">Design and engineering<\/a><\/li><li style=\"text-align: left;\"><a href=\"https:\/\/lepsa.com\/en\/temporal\/montaje-e-instalacion-de-tanques-y-tuberias-en-prfv\/\">Installation and commissioning of FRP tanks and piping systems<\/a><\/li><li style=\"text-align: left;\"><a href=\"https:\/\/lepsa.com\/en\/fabricacion-de-tuberias-tanques-de-fibra-de-vidrio-en-terreno\/\">On-site Fabrication<\/a><\/li><li style=\"text-align: left;\"><a href=\"https:\/\/lepsa.com\/en\/temporal\/revestimientos-anticorrosivos\/\">FRP coatings and lining services<\/a><\/li><\/ul>\t\t\t\t\t\t\t\t<\/div>\n\t\t\t\t\t<\/div>\n\t\t<\/div>\n\t\t\t\t\t<\/div>\n\t\t<\/section>\n\t\t\t\t\t<\/div>\n\t\t<\/div>\n\t\t\t\t\t<\/div>\n\t\t<\/section>\n\t\t<div class=\"elementor-element elementor-element-eb6fc49 e-con-full elementor-hidden-phone e-flex e-con e-parent\" data-id=\"eb6fc49\" data-element_type=\"container\">\n\t\t<div class=\"elementor-element elementor-element-7f63328 e-con-full e-flex e-con e-child\" data-id=\"7f63328\" data-element_type=\"container\">\n\t\t\t\t<div class=\"elementor-element elementor-element-f6aea2c elementor-widget elementor-widget-spacer\" data-id=\"f6aea2c\" data-element_type=\"widget\" data-widget_type=\"spacer.default\">\n\t\t\t\t\t\t\t<div class=\"elementor-spacer\">\n\t\t\t<div class=\"elementor-spacer-inner\"><\/div>\n\t\t<\/div>\n\t\t\t\t\t\t<\/div>\n\t\t\t\t<\/div>\n\t\t\t\t<\/div>\n\t\t\t\t<\/div>","protected":false},"excerpt":{"rendered":"<p>Servicios y productos en fibra de vidrio (PRFV) Productos Tanques de fibra de vidrio Estanques de grandes di\u00e1metros Estanques de almacenamiento, reactores y enterrados Equipos para plantas SX\/EW Equipos para plantas de \u00e1cido Tuber\u00edas y accesorios Equipos en Dual Laminate Cobertores segmentados Piezas especiales Servicios Dise\u00f1o e ingenier\u00eda Montaje e instalaci\u00f3n de tanques y tuber\u00edas [&hellip;]<\/p>","protected":false},"author":1,"featured_media":0,"parent":0,"menu_order":0,"comment_status":"closed","ping_status":"closed","template":"elementor_header_footer","meta":{"footnotes":""},"class_list":["post-282","page","type-page","status-publish","hentry"],"yoast_head":"<!-- This site is optimized with the Yoast SEO plugin v26.4 - https:\/\/yoast.com\/wordpress\/plugins\/seo\/ -->\n<title>Servicios y productos en fibra de vidrio - PRFV | Lepsa<\/title>\n<meta name=\"description\" content=\"Conoce m\u00e1s sobre nuestra gama de productos en fibra de vidrio. Tambi\u00e9n ofrecemos servicios de dise\u00f1o e instalaci\u00f3n de equipos PRFV.\" \/>\n<meta name=\"robots\" content=\"index, follow, max-snippet:-1, max-image-preview:large, max-video-preview:-1\" \/>\n<link rel=\"canonical\" href=\"https:\/\/lepsa.com\/en\/alcances\/\" \/>\n<meta property=\"og:locale\" content=\"en_US\" \/>\n<meta property=\"og:type\" content=\"article\" \/>\n<meta property=\"og:title\" content=\"Servicios y productos en fibra de vidrio - PRFV | Lepsa\" \/>\n<meta property=\"og:description\" content=\"Conoce m\u00e1s sobre nuestra gama de productos en fibra de vidrio. Tambi\u00e9n ofrecemos servicios de dise\u00f1o e instalaci\u00f3n de equipos PRFV.\" \/>\n<meta property=\"og:url\" content=\"https:\/\/lepsa.com\/en\/alcances\/\" \/>\n<meta property=\"og:site_name\" content=\"LEPSA\" \/>\n<meta property=\"article:modified_time\" content=\"2025-11-21T23:06:59+00:00\" \/>\n<meta property=\"og:image\" content=\"https:\/\/lepsa.com\/wp-content\/uploads\/2022\/12\/productos-en-fibra-de-vidrio-prfv.png\" \/>\n\t<meta property=\"og:image:width\" content=\"271\" \/>\n\t<meta property=\"og:image:height\" content=\"271\" \/>\n\t<meta property=\"og:image:type\" content=\"image\/png\" \/>\n<meta name=\"twitter:card\" content=\"summary_large_image\" \/>\n<meta name=\"twitter:label1\" content=\"Est. reading time\" \/>\n\t<meta name=\"twitter:data1\" content=\"3 minutes\" \/>\n<script type=\"application\/ld+json\" class=\"yoast-schema-graph\">{\"@context\":\"https:\/\/schema.org\",\"@graph\":[{\"@type\":\"WebPage\",\"@id\":\"https:\/\/lepsa.com\/alcances\/\",\"url\":\"https:\/\/lepsa.com\/alcances\/\",\"name\":\"Servicios y productos en fibra de vidrio - PRFV | Lepsa\",\"isPartOf\":{\"@id\":\"https:\/\/lepsa.com\/#website\"},\"primaryImageOfPage\":{\"@id\":\"https:\/\/lepsa.com\/alcances\/#primaryimage\"},\"image\":{\"@id\":\"https:\/\/lepsa.com\/alcances\/#primaryimage\"},\"thumbnailUrl\":\"https:\/\/lepsa.com\/wp-content\/uploads\/2022\/12\/productos-en-fibra-de-vidrio-prfv.png\",\"datePublished\":\"2021-01-09T21:40:01+00:00\",\"dateModified\":\"2025-11-21T23:06:59+00:00\",\"description\":\"Conoce m\u00e1s sobre nuestra gama de productos en fibra de vidrio. Tambi\u00e9n ofrecemos servicios de dise\u00f1o e instalaci\u00f3n de equipos PRFV.\",\"breadcrumb\":{\"@id\":\"https:\/\/lepsa.com\/alcances\/#breadcrumb\"},\"inLanguage\":\"en-US\",\"potentialAction\":[{\"@type\":\"ReadAction\",\"target\":[\"https:\/\/lepsa.com\/alcances\/\"]}]},{\"@type\":\"ImageObject\",\"inLanguage\":\"en-US\",\"@id\":\"https:\/\/lepsa.com\/alcances\/#primaryimage\",\"url\":\"https:\/\/lepsa.com\/wp-content\/uploads\/2022\/12\/productos-en-fibra-de-vidrio-prfv.png\",\"contentUrl\":\"https:\/\/lepsa.com\/wp-content\/uploads\/2022\/12\/productos-en-fibra-de-vidrio-prfv.png\"},{\"@type\":\"BreadcrumbList\",\"@id\":\"https:\/\/lepsa.com\/alcances\/#breadcrumb\",\"itemListElement\":[{\"@type\":\"ListItem\",\"position\":1,\"name\":\"Portada\",\"item\":\"https:\/\/lepsa.com\/\"},{\"@type\":\"ListItem\",\"position\":2,\"name\":\"Alcances\"}]},{\"@type\":\"WebSite\",\"@id\":\"https:\/\/lepsa.com\/#website\",\"url\":\"https:\/\/lepsa.com\/\",\"name\":\"LEPSA\",\"description\":\"Soluciones integrales para la industria y miner\u00eda\",\"publisher\":{\"@id\":\"https:\/\/lepsa.com\/#organization\"},\"potentialAction\":[{\"@type\":\"SearchAction\",\"target\":{\"@type\":\"EntryPoint\",\"urlTemplate\":\"https:\/\/lepsa.com\/?s={search_term_string}\"},\"query-input\":{\"@type\":\"PropertyValueSpecification\",\"valueRequired\":true,\"valueName\":\"search_term_string\"}}],\"inLanguage\":\"en-US\"},{\"@type\":\"Organization\",\"@id\":\"https:\/\/lepsa.com\/#organization\",\"name\":\"LEPSA\",\"url\":\"https:\/\/lepsa.com\/\",\"logo\":{\"@type\":\"ImageObject\",\"inLanguage\":\"en-US\",\"@id\":\"https:\/\/lepsa.com\/#\/schema\/logo\/image\/\",\"url\":\"https:\/\/lepsa.com\/wp-content\/uploads\/2021\/01\/lepsa.jpg\",\"contentUrl\":\"https:\/\/lepsa.com\/wp-content\/uploads\/2021\/01\/lepsa.jpg\",\"width\":725,\"height\":297,\"caption\":\"LEPSA\"},\"image\":{\"@id\":\"https:\/\/lepsa.com\/#\/schema\/logo\/image\/\"},\"sameAs\":[\"https:\/\/www.linkedin.com\/company\/lepsa-s-a-c\"]}]}<\/script>\n<!-- \/ Yoast SEO plugin. -->","yoast_head_json":{"title":"Servicios y productos en fibra de vidrio - PRFV | Lepsa","description":"Conoce m\u00e1s sobre nuestra gama de productos en fibra de vidrio. Tambi\u00e9n ofrecemos servicios de dise\u00f1o e instalaci\u00f3n de equipos PRFV.","robots":{"index":"index","follow":"follow","max-snippet":"max-snippet:-1","max-image-preview":"max-image-preview:large","max-video-preview":"max-video-preview:-1"},"canonical":"https:\/\/lepsa.com\/en\/alcances\/","og_locale":"en_US","og_type":"article","og_title":"Servicios y productos en fibra de vidrio - PRFV | Lepsa","og_description":"Conoce m\u00e1s sobre nuestra gama de productos en fibra de vidrio. Tambi\u00e9n ofrecemos servicios de dise\u00f1o e instalaci\u00f3n de equipos PRFV.","og_url":"https:\/\/lepsa.com\/en\/alcances\/","og_site_name":"LEPSA","article_modified_time":"2025-11-21T23:06:59+00:00","og_image":[{"width":271,"height":271,"url":"https:\/\/lepsa.com\/wp-content\/uploads\/2022\/12\/productos-en-fibra-de-vidrio-prfv.png","type":"image\/png"}],"twitter_card":"summary_large_image","twitter_misc":{"Est. reading time":"3 minutes"},"schema":{"@context":"https:\/\/schema.org","@graph":[{"@type":"WebPage","@id":"https:\/\/lepsa.com\/alcances\/","url":"https:\/\/lepsa.com\/alcances\/","name":"Servicios y productos en fibra de vidrio - PRFV | Lepsa","isPartOf":{"@id":"https:\/\/lepsa.com\/#website"},"primaryImageOfPage":{"@id":"https:\/\/lepsa.com\/alcances\/#primaryimage"},"image":{"@id":"https:\/\/lepsa.com\/alcances\/#primaryimage"},"thumbnailUrl":"https:\/\/lepsa.com\/wp-content\/uploads\/2022\/12\/productos-en-fibra-de-vidrio-prfv.png","datePublished":"2021-01-09T21:40:01+00:00","dateModified":"2025-11-21T23:06:59+00:00","description":"Conoce m\u00e1s sobre nuestra gama de productos en fibra de vidrio. Tambi\u00e9n ofrecemos servicios de dise\u00f1o e instalaci\u00f3n de equipos PRFV.","breadcrumb":{"@id":"https:\/\/lepsa.com\/alcances\/#breadcrumb"},"inLanguage":"en-US","potentialAction":[{"@type":"ReadAction","target":["https:\/\/lepsa.com\/alcances\/"]}]},{"@type":"ImageObject","inLanguage":"en-US","@id":"https:\/\/lepsa.com\/alcances\/#primaryimage","url":"https:\/\/lepsa.com\/wp-content\/uploads\/2022\/12\/productos-en-fibra-de-vidrio-prfv.png","contentUrl":"https:\/\/lepsa.com\/wp-content\/uploads\/2022\/12\/productos-en-fibra-de-vidrio-prfv.png"},{"@type":"BreadcrumbList","@id":"https:\/\/lepsa.com\/alcances\/#breadcrumb","itemListElement":[{"@type":"ListItem","position":1,"name":"Portada","item":"https:\/\/lepsa.com\/"},{"@type":"ListItem","position":2,"name":"Alcances"}]},{"@type":"WebSite","@id":"https:\/\/lepsa.com\/#website","url":"https:\/\/lepsa.com\/","name":"LEPSA","description":"Soluciones integrales para la industria y miner\u00eda","publisher":{"@id":"https:\/\/lepsa.com\/#organization"},"potentialAction":[{"@type":"SearchAction","target":{"@type":"EntryPoint","urlTemplate":"https:\/\/lepsa.com\/?s={search_term_string}"},"query-input":{"@type":"PropertyValueSpecification","valueRequired":true,"valueName":"search_term_string"}}],"inLanguage":"en-US"},{"@type":"Organization","@id":"https:\/\/lepsa.com\/#organization","name":"LEPSA","url":"https:\/\/lepsa.com\/","logo":{"@type":"ImageObject","inLanguage":"en-US","@id":"https:\/\/lepsa.com\/#\/schema\/logo\/image\/","url":"https:\/\/lepsa.com\/wp-content\/uploads\/2021\/01\/lepsa.jpg","contentUrl":"https:\/\/lepsa.com\/wp-content\/uploads\/2021\/01\/lepsa.jpg","width":725,"height":297,"caption":"LEPSA"},"image":{"@id":"https:\/\/lepsa.com\/#\/schema\/logo\/image\/"},"sameAs":["https:\/\/www.linkedin.com\/company\/lepsa-s-a-c"]}]}},"_links":{"self":[{"href":"https:\/\/lepsa.com\/en\/wp-json\/wp\/v2\/pages\/282","targetHints":{"allow":["GET"]}}],"collection":[{"href":"https:\/\/lepsa.com\/en\/wp-json\/wp\/v2\/pages"}],"about":[{"href":"https:\/\/lepsa.com\/en\/wp-json\/wp\/v2\/types\/page"}],"author":[{"embeddable":true,"href":"https:\/\/lepsa.com\/en\/wp-json\/wp\/v2\/users\/1"}],"replies":[{"embeddable":true,"href":"https:\/\/lepsa.com\/en\/wp-json\/wp\/v2\/comments?post=282"}],"version-history":[{"count":116,"href":"https:\/\/lepsa.com\/en\/wp-json\/wp\/v2\/pages\/282\/revisions"}],"predecessor-version":[{"id":5669,"href":"https:\/\/lepsa.com\/en\/wp-json\/wp\/v2\/pages\/282\/revisions\/5669"}],"wp:attachment":[{"href":"https:\/\/lepsa.com\/en\/wp-json\/wp\/v2\/media?parent=282"}],"curies":[{"name":"wp","href":"https:\/\/api.w.org\/{rel}","templated":true}]}}