{"id":161,"date":"2021-01-08T19:41:26","date_gmt":"2021-01-08T19:41:26","guid":{"rendered":"https:\/\/lepsa.com\/temporal\/?page_id=161"},"modified":"2025-11-21T18:02:20","modified_gmt":"2025-11-21T23:02:20","slug":"presentacion","status":"publish","type":"page","link":"https:\/\/lepsa.com\/en\/presentacion\/","title":{"rendered":"About Us"},"content":{"rendered":"<div data-elementor-type=\"wp-page\" data-elementor-id=\"161\" class=\"elementor elementor-161\" data-elementor-post-type=\"page\">\n\t\t\t\t<div class=\"elementor-element elementor-element-b62c17a e-con-full e-flex e-con e-parent\" data-id=\"b62c17a\" data-element_type=\"container\">\n\t\t\t\t<div class=\"elementor-element elementor-element-d106692 elementor-widget elementor-widget-template\" data-id=\"d106692\" data-element_type=\"widget\" data-widget_type=\"template.default\">\n\t\t\t\t<div class=\"elementor-widget-container\">\n\t\t\t\t\t\t\t<div class=\"elementor-template\">\n\t\t\t\t\t<div data-elementor-type=\"container\" data-elementor-id=\"5655\" class=\"elementor elementor-5655\" data-elementor-post-type=\"elementor_library\">\n\t\t\t\t<div class=\"elementor-element elementor-element-7ae30f51 e-flex e-con-boxed e-con e-parent\" data-id=\"7ae30f51\" data-element_type=\"container\" data-settings=\"{&quot;background_background&quot;:&quot;slideshow&quot;,&quot;background_slideshow_gallery&quot;:[{&quot;id&quot;:5635,&quot;url&quot;:&quot;https:\\\/\\\/lepsa.com\\\/wp-content\\\/uploads\\\/2025\\\/11\\\/01-1.jpg&quot;},{&quot;id&quot;:5639,&quot;url&quot;:&quot;https:\\\/\\\/lepsa.com\\\/wp-content\\\/uploads\\\/2025\\\/11\\\/total_header_3.jpg&quot;},{&quot;id&quot;:5641,&quot;url&quot;:&quot;https:\\\/\\\/lepsa.com\\\/wp-content\\\/uploads\\\/2025\\\/11\\\/03-1.jpg&quot;},{&quot;id&quot;:5636,&quot;url&quot;:&quot;https:\\\/\\\/lepsa.com\\\/wp-content\\\/uploads\\\/2025\\\/11\\\/04-1-scaled-1.jpg&quot;},{&quot;id&quot;:5637,&quot;url&quot;:&quot;https:\\\/\\\/lepsa.com\\\/wp-content\\\/uploads\\\/2025\\\/11\\\/05-1.jpg&quot;},{&quot;id&quot;:5638,&quot;url&quot;:&quot;https:\\\/\\\/lepsa.com\\\/wp-content\\\/uploads\\\/2025\\\/11\\\/06-1.jpg&quot;}],&quot;background_slideshow_slide_duration&quot;:3000,&quot;background_slideshow_slide_transition&quot;:&quot;slide_left&quot;,&quot;background_slideshow_loop&quot;:&quot;yes&quot;,&quot;background_slideshow_transition_duration&quot;:500}\">\n\t\t\t\t\t<div class=\"e-con-inner\">\n\t\t\t\t<div class=\"elementor-element elementor-element-61f9b583 elementor-widget elementor-widget-spacer\" data-id=\"61f9b583\" data-element_type=\"widget\" data-widget_type=\"spacer.default\">\n\t\t\t\t\t\t\t<div class=\"elementor-spacer\">\n\t\t\t<div class=\"elementor-spacer-inner\"><\/div>\n\t\t<\/div>\n\t\t\t\t\t\t<\/div>\n\t\t\t\t\t<\/div>\n\t\t\t\t<\/div>\n\t\t\t\t<\/div>\n\t\t\t\t<\/div>\n\t\t\t\t\t\t<\/div>\n\t\t\t\t<\/div>\n\t\t\t\t<\/div>\n\t\t<div class=\"elementor-element elementor-element-9aff755 e-flex e-con-boxed e-con e-parent\" data-id=\"9aff755\" data-element_type=\"container\">\n\t\t\t\t\t<div class=\"e-con-inner\">\n\t\t<div class=\"elementor-element elementor-element-b896712 e-con-full e-flex e-con e-child\" data-id=\"b896712\" data-element_type=\"container\">\n\t\t\t\t<div class=\"elementor-element elementor-element-e24dfb8 elementor-widget elementor-widget-heading\" data-id=\"e24dfb8\" data-element_type=\"widget\" data-widget_type=\"heading.default\">\n\t\t\t\t\t<h1 class=\"elementor-heading-title elementor-size-large\">About Us<\/h1>\t\t\t\t<\/div>\n\t\t<div class=\"elementor-element elementor-element-86b851b e-con-full e-flex e-con e-child\" data-id=\"86b851b\" data-element_type=\"container\">\n\t\t<div class=\"elementor-element elementor-element-6707520 e-con-full e-flex e-con e-child\" data-id=\"6707520\" data-element_type=\"container\">\n\t\t\t\t<div class=\"elementor-element elementor-element-41eefb4 elementor-widget elementor-widget-text-editor\" data-id=\"41eefb4\" data-element_type=\"widget\" data-widget_type=\"text-editor.default\">\n\t\t\t\t\t\t\t\t\t<p>LEPSA is a 100% Peruvian company with more than 20 years of experience. Regional leader in the design, engineering, manufacturing and assembly of equipment in <a style=\"background-color: #ffffff;\" href=\"https:\/\/lepsa.com\/en\/noticias\/prfv-poliester-reforzado-con-fibra-de-vidrio\/\" target=\"_blank\" rel=\"noopener\">FRP (Fiberglass Reinforced Polyester)<\/a><\/p><ul><li><strong>International presence: Chile, Bolivia and Argentina<\/strong><\/li><li>Over 300 collaborators<\/li><li>15,000 m2 facilities<\/li><li>Up-to-date machinery and equipment<\/li><li>Manufacturing Capacity: <strong>4,800 FRP ton(m) per year<\/strong><\/li><li>In-house Quality control lab<\/li><li>International accreditations<\/li><\/ul><p>LEPSA is responsible for the design, engineering, manufacturing, assembly and installation of tanks, equipment and other products made of FRP (Fiberglass Reinforced Polyester), engineering thermoplastics and Dual Laminates for applications where chemical and environmental corrosion are determining factors for the selection of materials.<\/p><p>LEPSA\u2019s engineering is developed by using computer aid tools (CAD and FEA), and in reference to the most industry-accepted standards, such as ASME RTP-1, ASME X, BS EN 13121, DVS, and ASTM.<\/p>\t\t\t\t\t\t\t\t<\/div>\n\t\t\t\t<\/div>\n\t\t<div class=\"elementor-element elementor-element-d1eeafe e-con-full e-flex e-con e-child\" data-id=\"d1eeafe\" data-element_type=\"container\">\n\t\t\t\t<div class=\"elementor-element elementor-element-829cb22 elementor-widget elementor-widget-image\" data-id=\"829cb22\" data-element_type=\"widget\" data-widget_type=\"image.default\">\n\t\t\t\t\t\t\t\t\t\t\t\t\t\t\t<img fetchpriority=\"high\" decoding=\"async\" width=\"688\" height=\"590\" src=\"https:\/\/lepsa.com\/wp-content\/uploads\/2021\/01\/presentacion.jpg\" class=\"attachment-large size-large wp-image-192\" alt=\"\" srcset=\"https:\/\/lepsa.com\/wp-content\/uploads\/2021\/01\/presentacion.jpg 688w, https:\/\/lepsa.com\/wp-content\/uploads\/2021\/01\/presentacion-300x257.jpg 300w, https:\/\/lepsa.com\/wp-content\/uploads\/2021\/01\/presentacion-230x197.jpg 230w, https:\/\/lepsa.com\/wp-content\/uploads\/2021\/01\/presentacion-350x300.jpg 350w, https:\/\/lepsa.com\/wp-content\/uploads\/2021\/01\/presentacion-480x412.jpg 480w\" sizes=\"(max-width: 688px) 100vw, 688px\" \/>\t\t\t\t\t\t\t\t\t\t\t\t\t\t\t<\/div>\n\t\t\t\t<\/div>\n\t\t\t\t<\/div>\n\t\t\t\t<\/div>\n\t\t\t\t\t<\/div>\n\t\t\t\t<\/div>\n\t\t\t\t<\/div>","protected":false},"excerpt":{"rendered":"<p>Presentaci\u00f3n LEPSA es una empresa 100% peruana con m\u00e1s de 20 a\u00f1os de experiencia. L\u00edder regional en el dise\u00f1o, ingenier\u00eda, fabricaci\u00f3n y montaje de equipos en PRFV (Poli\u00e9ster Reforzado con Fibra de Vidrio). Presencia Internacional: Chile, Bolivia y Argentina M\u00e1s de 300 colaboradores 15,000 m2 de Plantas Industriales Maquinaria de \u00faltima generaci\u00f3n Capacidad instalada : [&hellip;]<\/p>","protected":false},"author":1,"featured_media":0,"parent":0,"menu_order":0,"comment_status":"closed","ping_status":"closed","template":"elementor_header_footer","meta":{"footnotes":""},"class_list":["post-161","page","type-page","status-publish","hentry"],"yoast_head":"<!-- This site is optimized with the Yoast SEO plugin v26.4 - https:\/\/yoast.com\/wordpress\/plugins\/seo\/ -->\n<title>Conoce nuestros productos y servicios en fibra de vidrio | Lepsa<\/title>\n<meta name=\"description\" content=\"Empresa 100% peruana a cargo de la ingenier\u00eda, fabricaci\u00f3n, montaje y uni\u00f3n de equipos en fibra de vidrio para qu\u00edmicos y ambientes corrosivos\" \/>\n<meta name=\"robots\" content=\"index, follow, max-snippet:-1, max-image-preview:large, max-video-preview:-1\" \/>\n<link rel=\"canonical\" href=\"https:\/\/lepsa.com\/en\/presentacion\/\" \/>\n<meta property=\"og:locale\" content=\"en_US\" \/>\n<meta property=\"og:type\" content=\"article\" \/>\n<meta property=\"og:title\" content=\"Conoce nuestros productos y servicios en fibra de vidrio | Lepsa\" \/>\n<meta property=\"og:description\" content=\"Empresa 100% peruana a cargo de la ingenier\u00eda, fabricaci\u00f3n, montaje y uni\u00f3n de equipos en fibra de vidrio para qu\u00edmicos y ambientes corrosivos\" \/>\n<meta property=\"og:url\" content=\"https:\/\/lepsa.com\/en\/presentacion\/\" \/>\n<meta property=\"og:site_name\" content=\"LEPSA\" \/>\n<meta property=\"article:modified_time\" content=\"2025-11-21T23:02:20+00:00\" \/>\n<meta property=\"og:image\" content=\"https:\/\/lepsa.com\/wp-content\/uploads\/2021\/01\/presentacion.jpg\" \/>\n\t<meta property=\"og:image:width\" content=\"688\" \/>\n\t<meta property=\"og:image:height\" content=\"590\" \/>\n\t<meta property=\"og:image:type\" content=\"image\/jpeg\" \/>\n<meta name=\"twitter:card\" content=\"summary_large_image\" \/>\n<meta name=\"twitter:label1\" content=\"Est. reading time\" \/>\n\t<meta name=\"twitter:data1\" content=\"3 minutes\" \/>\n<script type=\"application\/ld+json\" class=\"yoast-schema-graph\">{\"@context\":\"https:\/\/schema.org\",\"@graph\":[{\"@type\":\"WebPage\",\"@id\":\"https:\/\/lepsa.com\/presentacion\/\",\"url\":\"https:\/\/lepsa.com\/presentacion\/\",\"name\":\"Conoce nuestros productos y servicios en fibra de vidrio | Lepsa\",\"isPartOf\":{\"@id\":\"https:\/\/lepsa.com\/#website\"},\"primaryImageOfPage\":{\"@id\":\"https:\/\/lepsa.com\/presentacion\/#primaryimage\"},\"image\":{\"@id\":\"https:\/\/lepsa.com\/presentacion\/#primaryimage\"},\"thumbnailUrl\":\"https:\/\/lepsa.com\/wp-content\/uploads\/2021\/01\/presentacion.jpg\",\"datePublished\":\"2021-01-08T19:41:26+00:00\",\"dateModified\":\"2025-11-21T23:02:20+00:00\",\"description\":\"Empresa 100% peruana a cargo de la ingenier\u00eda, fabricaci\u00f3n, montaje y uni\u00f3n de equipos en fibra de vidrio para qu\u00edmicos y ambientes corrosivos\",\"breadcrumb\":{\"@id\":\"https:\/\/lepsa.com\/presentacion\/#breadcrumb\"},\"inLanguage\":\"en-US\",\"potentialAction\":[{\"@type\":\"ReadAction\",\"target\":[\"https:\/\/lepsa.com\/presentacion\/\"]}]},{\"@type\":\"ImageObject\",\"inLanguage\":\"en-US\",\"@id\":\"https:\/\/lepsa.com\/presentacion\/#primaryimage\",\"url\":\"https:\/\/lepsa.com\/wp-content\/uploads\/2021\/01\/presentacion.jpg\",\"contentUrl\":\"https:\/\/lepsa.com\/wp-content\/uploads\/2021\/01\/presentacion.jpg\"},{\"@type\":\"BreadcrumbList\",\"@id\":\"https:\/\/lepsa.com\/presentacion\/#breadcrumb\",\"itemListElement\":[{\"@type\":\"ListItem\",\"position\":1,\"name\":\"Portada\",\"item\":\"https:\/\/lepsa.com\/\"},{\"@type\":\"ListItem\",\"position\":2,\"name\":\"Presentaci\u00f3n\"}]},{\"@type\":\"WebSite\",\"@id\":\"https:\/\/lepsa.com\/#website\",\"url\":\"https:\/\/lepsa.com\/\",\"name\":\"LEPSA\",\"description\":\"Soluciones integrales para la industria y miner\u00eda\",\"publisher\":{\"@id\":\"https:\/\/lepsa.com\/#organization\"},\"potentialAction\":[{\"@type\":\"SearchAction\",\"target\":{\"@type\":\"EntryPoint\",\"urlTemplate\":\"https:\/\/lepsa.com\/?s={search_term_string}\"},\"query-input\":{\"@type\":\"PropertyValueSpecification\",\"valueRequired\":true,\"valueName\":\"search_term_string\"}}],\"inLanguage\":\"en-US\"},{\"@type\":\"Organization\",\"@id\":\"https:\/\/lepsa.com\/#organization\",\"name\":\"LEPSA\",\"url\":\"https:\/\/lepsa.com\/\",\"logo\":{\"@type\":\"ImageObject\",\"inLanguage\":\"en-US\",\"@id\":\"https:\/\/lepsa.com\/#\/schema\/logo\/image\/\",\"url\":\"https:\/\/lepsa.com\/wp-content\/uploads\/2021\/01\/lepsa.jpg\",\"contentUrl\":\"https:\/\/lepsa.com\/wp-content\/uploads\/2021\/01\/lepsa.jpg\",\"width\":725,\"height\":297,\"caption\":\"LEPSA\"},\"image\":{\"@id\":\"https:\/\/lepsa.com\/#\/schema\/logo\/image\/\"},\"sameAs\":[\"https:\/\/www.linkedin.com\/company\/lepsa-s-a-c\"]}]}<\/script>\n<!-- \/ Yoast SEO plugin. -->","yoast_head_json":{"title":"Conoce nuestros productos y servicios en fibra de vidrio | Lepsa","description":"Empresa 100% peruana a cargo de la ingenier\u00eda, fabricaci\u00f3n, montaje y uni\u00f3n de equipos en fibra de vidrio para qu\u00edmicos y ambientes corrosivos","robots":{"index":"index","follow":"follow","max-snippet":"max-snippet:-1","max-image-preview":"max-image-preview:large","max-video-preview":"max-video-preview:-1"},"canonical":"https:\/\/lepsa.com\/en\/presentacion\/","og_locale":"en_US","og_type":"article","og_title":"Conoce nuestros productos y servicios en fibra de vidrio | Lepsa","og_description":"Empresa 100% peruana a cargo de la ingenier\u00eda, fabricaci\u00f3n, montaje y uni\u00f3n de equipos en fibra de vidrio para qu\u00edmicos y ambientes corrosivos","og_url":"https:\/\/lepsa.com\/en\/presentacion\/","og_site_name":"LEPSA","article_modified_time":"2025-11-21T23:02:20+00:00","og_image":[{"width":688,"height":590,"url":"https:\/\/lepsa.com\/wp-content\/uploads\/2021\/01\/presentacion.jpg","type":"image\/jpeg"}],"twitter_card":"summary_large_image","twitter_misc":{"Est. reading time":"3 minutes"},"schema":{"@context":"https:\/\/schema.org","@graph":[{"@type":"WebPage","@id":"https:\/\/lepsa.com\/presentacion\/","url":"https:\/\/lepsa.com\/presentacion\/","name":"Conoce nuestros productos y servicios en fibra de vidrio | Lepsa","isPartOf":{"@id":"https:\/\/lepsa.com\/#website"},"primaryImageOfPage":{"@id":"https:\/\/lepsa.com\/presentacion\/#primaryimage"},"image":{"@id":"https:\/\/lepsa.com\/presentacion\/#primaryimage"},"thumbnailUrl":"https:\/\/lepsa.com\/wp-content\/uploads\/2021\/01\/presentacion.jpg","datePublished":"2021-01-08T19:41:26+00:00","dateModified":"2025-11-21T23:02:20+00:00","description":"Empresa 100% peruana a cargo de la ingenier\u00eda, fabricaci\u00f3n, montaje y uni\u00f3n de equipos en fibra de vidrio para qu\u00edmicos y ambientes corrosivos","breadcrumb":{"@id":"https:\/\/lepsa.com\/presentacion\/#breadcrumb"},"inLanguage":"en-US","potentialAction":[{"@type":"ReadAction","target":["https:\/\/lepsa.com\/presentacion\/"]}]},{"@type":"ImageObject","inLanguage":"en-US","@id":"https:\/\/lepsa.com\/presentacion\/#primaryimage","url":"https:\/\/lepsa.com\/wp-content\/uploads\/2021\/01\/presentacion.jpg","contentUrl":"https:\/\/lepsa.com\/wp-content\/uploads\/2021\/01\/presentacion.jpg"},{"@type":"BreadcrumbList","@id":"https:\/\/lepsa.com\/presentacion\/#breadcrumb","itemListElement":[{"@type":"ListItem","position":1,"name":"Portada","item":"https:\/\/lepsa.com\/"},{"@type":"ListItem","position":2,"name":"Presentaci\u00f3n"}]},{"@type":"WebSite","@id":"https:\/\/lepsa.com\/#website","url":"https:\/\/lepsa.com\/","name":"LEPSA","description":"Soluciones integrales para la industria y miner\u00eda","publisher":{"@id":"https:\/\/lepsa.com\/#organization"},"potentialAction":[{"@type":"SearchAction","target":{"@type":"EntryPoint","urlTemplate":"https:\/\/lepsa.com\/?s={search_term_string}"},"query-input":{"@type":"PropertyValueSpecification","valueRequired":true,"valueName":"search_term_string"}}],"inLanguage":"en-US"},{"@type":"Organization","@id":"https:\/\/lepsa.com\/#organization","name":"LEPSA","url":"https:\/\/lepsa.com\/","logo":{"@type":"ImageObject","inLanguage":"en-US","@id":"https:\/\/lepsa.com\/#\/schema\/logo\/image\/","url":"https:\/\/lepsa.com\/wp-content\/uploads\/2021\/01\/lepsa.jpg","contentUrl":"https:\/\/lepsa.com\/wp-content\/uploads\/2021\/01\/lepsa.jpg","width":725,"height":297,"caption":"LEPSA"},"image":{"@id":"https:\/\/lepsa.com\/#\/schema\/logo\/image\/"},"sameAs":["https:\/\/www.linkedin.com\/company\/lepsa-s-a-c"]}]}},"_links":{"self":[{"href":"https:\/\/lepsa.com\/en\/wp-json\/wp\/v2\/pages\/161","targetHints":{"allow":["GET"]}}],"collection":[{"href":"https:\/\/lepsa.com\/en\/wp-json\/wp\/v2\/pages"}],"about":[{"href":"https:\/\/lepsa.com\/en\/wp-json\/wp\/v2\/types\/page"}],"author":[{"embeddable":true,"href":"https:\/\/lepsa.com\/en\/wp-json\/wp\/v2\/users\/1"}],"replies":[{"embeddable":true,"href":"https:\/\/lepsa.com\/en\/wp-json\/wp\/v2\/comments?post=161"}],"version-history":[{"count":81,"href":"https:\/\/lepsa.com\/en\/wp-json\/wp\/v2\/pages\/161\/revisions"}],"predecessor-version":[{"id":5660,"href":"https:\/\/lepsa.com\/en\/wp-json\/wp\/v2\/pages\/161\/revisions\/5660"}],"wp:attachment":[{"href":"https:\/\/lepsa.com\/en\/wp-json\/wp\/v2\/media?parent=161"}],"curies":[{"name":"wp","href":"https:\/\/api.w.org\/{rel}","templated":true}]}}